{"id":3140,"date":"2023-06-06T11:03:53","date_gmt":"2023-06-06T11:03:53","guid":{"rendered":"https:\/\/azalea-aesthetic.com\/?page_id=3140"},"modified":"2026-04-16T09:59:52","modified_gmt":"2026-04-16T09:59:52","slug":"politica-sulla-privacy","status":"publish","type":"page","link":"https:\/\/azalea-aesthetic.com\/it\/politica-sulla-privacy\/","title":{"rendered":"POLITICA SULLA PRIVACY"},"content":{"rendered":"<p><section data-bb-version=\"4.7.6\" id=\"bt_bb_section69e16edaa5f6b\" class=\"bt_bb_section bt_bb_layout_wide bt_bb_vertical_align_top bt_bb_top_spacing_none bt_bb_bottom_spacing_none\"  data-bt-override-class=\"{&quot;bt_bb_top_spacing_&quot;:{&quot;current_class&quot;:&quot;bt_bb_top_spacing_none&quot;,&quot;def&quot;:&quot;none&quot;},&quot;bt_bb_bottom_spacing_&quot;:{&quot;current_class&quot;:&quot;bt_bb_bottom_spacing_none&quot;,&quot;def&quot;:&quot;none&quot;}}\"><div class=\"bt_bb_port\"><div class=\"bt_bb_cell\"><div class=\"bt_bb_cell_inner\"><div class=\"bt_bb_row \"  data-bt-override-class=\"{}\"><div class=\"bt_bb_row_holder\" ><div data-bb-version=\"4.7.6\"  class=\"bt_bb_column col-xxl-12 col-xl-12 col-xs-12 col-sm-12 col-md-12 col-lg-12 bt_bb_vertical_align_top bt_bb_align_left btLazyLoadBackground bt_bb_column_background_image bt_bb_padding_normal\" style=\"background-image:url(&#039;https:\/\/azalea-aesthetic.com\/wp-content\/plugins\/bold-page-builder\/img\/blank.gif&#039;);\" data-background_image_src='https:\/\/azalea-aesthetic.com\/wp-content\/uploads\/2024\/01\/header-scaled.jpg' data-width=\"12\" data-bt-override-class=\"{&quot;bt_bb_align_&quot;:{&quot;current_class&quot;:&quot;bt_bb_align_left&quot;,&quot;def&quot;:&quot;left&quot;},&quot;bt_bb_padding_&quot;:{&quot;current_class&quot;:&quot;bt_bb_padding_normal&quot;,&quot;def&quot;:&quot;normal&quot;}}\"><div class=\"bt_bb_column_content\"><div data-bb-version=\"4.7.6\" class=\"bt_bb_image bt_bb_shape_square bt_bb_target_self bt_bb_align_inherit bt_bb_hover_style_simple bt_bb_content_display_always bt_bb_content_align_middle\" data-bt-override-class=\"{&quot;bt_bb_align_&quot;:{&quot;current_class&quot;:&quot;bt_bb_align_inherit&quot;,&quot;def&quot;:&quot;inherit&quot;},&quot;bt_bb_content_display_&quot;:{&quot;current_class&quot;:&quot;bt_bb_content_display_always&quot;,&quot;def&quot;:&quot;always&quot;}}\"><span><img loading=\"lazy\" decoding=\"async\" width=\"2560\" height=\"171\" src=\"https:\/\/azalea-aesthetic.com\/wp-content\/uploads\/2024\/01\/header-scaled.jpg\" class=\"attachment-full size-full\" alt=\"https:\/\/azalea-aesthetic.com\/wp-content\/uploads\/2024\/01\/header-scaled.jpg\" data-full_image_src=\"https:\/\/azalea-aesthetic.com\/wp-content\/uploads\/2024\/01\/header-scaled.jpg\" title=\"header\" srcset=\"https:\/\/azalea-aesthetic.com\/wp-content\/uploads\/2024\/01\/header-scaled.jpg 2560w, https:\/\/azalea-aesthetic.com\/wp-content\/uploads\/2024\/01\/header-640x43.jpg 640w, https:\/\/azalea-aesthetic.com\/wp-content\/uploads\/2024\/01\/header-1280x85.jpg 1280w, https:\/\/azalea-aesthetic.com\/wp-content\/uploads\/2024\/01\/header-768x51.jpg 768w, https:\/\/azalea-aesthetic.com\/wp-content\/uploads\/2024\/01\/header-1536x102.jpg 1536w, https:\/\/azalea-aesthetic.com\/wp-content\/uploads\/2024\/01\/header-2048x137.jpg 2048w, https:\/\/azalea-aesthetic.com\/wp-content\/uploads\/2024\/01\/header-320x21.jpg 320w\" sizes=\"auto, (max-width: 2560px) 100vw, 2560px\" \/><\/span><\/div><div data-bb-version=\"4.7.6\" class=\"bt_bb_image bt_bb_shape_square bt_bb_target_self bt_bb_align_inherit bt_bb_hover_style_simple bt_bb_content_display_always bt_bb_content_align_middle\" data-bt-override-class=\"{&quot;bt_bb_align_&quot;:{&quot;current_class&quot;:&quot;bt_bb_align_inherit&quot;,&quot;def&quot;:&quot;inherit&quot;},&quot;bt_bb_content_display_&quot;:{&quot;current_class&quot;:&quot;bt_bb_content_display_always&quot;,&quot;def&quot;:&quot;always&quot;}}\"><span><img loading=\"lazy\" decoding=\"async\" width=\"2560\" height=\"171\" src=\"https:\/\/azalea-aesthetic.com\/wp-content\/uploads\/2024\/01\/header-scaled.jpg\" class=\"attachment-full size-full\" alt=\"https:\/\/azalea-aesthetic.com\/wp-content\/uploads\/2024\/01\/header-scaled.jpg\" data-full_image_src=\"https:\/\/azalea-aesthetic.com\/wp-content\/uploads\/2024\/01\/header-scaled.jpg\" title=\"header\" srcset=\"https:\/\/azalea-aesthetic.com\/wp-content\/uploads\/2024\/01\/header-scaled.jpg 2560w, https:\/\/azalea-aesthetic.com\/wp-content\/uploads\/2024\/01\/header-640x43.jpg 640w, https:\/\/azalea-aesthetic.com\/wp-content\/uploads\/2024\/01\/header-1280x85.jpg 1280w, https:\/\/azalea-aesthetic.com\/wp-content\/uploads\/2024\/01\/header-768x51.jpg 768w, https:\/\/azalea-aesthetic.com\/wp-content\/uploads\/2024\/01\/header-1536x102.jpg 1536w, https:\/\/azalea-aesthetic.com\/wp-content\/uploads\/2024\/01\/header-2048x137.jpg 2048w, https:\/\/azalea-aesthetic.com\/wp-content\/uploads\/2024\/01\/header-320x21.jpg 320w\" sizes=\"auto, (max-width: 2560px) 100vw, 2560px\" \/><\/span><\/div><\/div><\/div><\/div><\/div><\/div><!-- cell_inner --><\/div><!-- cell --><\/div><!-- port --><\/section><section data-bb-version=\"4.7.6\" id=\"bt_bb_section69e16edaa73e5\" class=\"bt_bb_section bt_bb_layout_boxed_1200 bt_bb_vertical_align_top bt_bb_top_spacing_normal bt_bb_bottom_spacing_none\"  data-bt-override-class=\"{&quot;bt_bb_top_spacing_&quot;:{&quot;current_class&quot;:&quot;bt_bb_top_spacing_normal&quot;,&quot;def&quot;:&quot;normal&quot;},&quot;bt_bb_bottom_spacing_&quot;:{&quot;current_class&quot;:&quot;bt_bb_bottom_spacing_none&quot;,&quot;def&quot;:&quot;none&quot;}}\"><div class=\"bt_bb_port\"><div class=\"bt_bb_cell\"><div class=\"bt_bb_cell_inner\"><div class=\"bt_bb_row \"  data-bt-override-class=\"{}\"><div class=\"bt_bb_row_holder\" ><div data-bb-version=\"4.7.6\"  class=\"bt_bb_column col-xxl-12 col-xl-12 col-xs-12 col-sm-12 col-md-12 col-lg-12 bt_bb_vertical_align_top bt_bb_align_left bt_bb_padding_normal\"  data-width=\"12\" data-bt-override-class=\"{}\"><div class=\"bt_bb_column_content\"><div class=\"bt_bb_raw_content\"><p><b>POLITICA SULLA PRIVACY DI UPTC SH.P.K.<\/b><\/p>\n\n<p>UPTC sh.p.k. presta particolare attenzione alla protezione della vostra privacy. Pertanto, desideriamo informarvi sul tipo di dati che raccogliamo su di voi, su come li trattiamo, conserviamo, proteggiamo e diffondiamo, nonch\u00e9 sui vostri diritti durante questo processo.<\/p>\n\n<p><b>Legalit\u00e0 della raccolta e trattamento dei dati<\/b><\/p>\n\n<p>La raccolta e il trattamento dei dati avvengono da parte di UPTC sh.p.k. in conformit\u00e0 alla Costituzione della Repubblica di Albania, in particolare all'Articolo 35, alle convenzioni ratificate dallo Stato Albanese, alla Legge n. 124\/2024 \"Sulla protezione dei dati personali\" e agli atti derivati da essa, nonch\u00e9 ad altri quadri legali e regolatori che richiedono la raccolta e il trattamento dei dati personali.<\/p>\n\n<p>Nella redazione e applicazione della Politica sulla Privacy, UPTC sh.p.k. ha anche preso in considerazione il Regolamento Generale sulla Protezione dei Dati Personali n. 2016\/679 dell'Unione Europea.<\/p>\n\n<p>In virt\u00f9 di questo quadro normativo e secondo gli standard commerciali accettati, la raccolta e il trattamento dei dati da parte di UPTC sono legittimi se:<\/p>\n<p>a) Avete dato il consenso alla raccolta e al trattamento dei vostri dati personali per uno o pi\u00f9 scopi, e tale consenso pu\u00f2 essere espresso per iscritto, con mezzi elettronici o con qualsiasi altra forma o meccanismo che esprima la vostra volont\u00e0.<\/p>\n<p>b) \u00c8 necessario per la conclusione di un contratto o rapporto di cui sarete parte.<\/p>\n<p>c) \u00c8 effettuato per ottemperare agli obblighi legali.<\/p>\n<p>d) \u00c8 effettuato per la protezione degli interessi vitali dell'individuo.<\/p>\n<p>e) \u00c8 effettuato per l'adempimento di compiti di interesse pubblico o per l'esercizio di funzioni ufficiali nella qualit\u00e0 di titolare del trattamento.<\/p>\n<p>f) \u00c8 effettuato per l'esercizio dei diritti legittimi del titolare del trattamento o di una terza parte, salvo nei casi in cui vi sia contrasto con i diritti fondamentali.<\/p>\n\n<p><b>Tipo di dati raccolti<\/b><\/p>\n\n<p>UPTC sh.p.k. raccoglie e tratta i vostri dati personali, come nome, cognome, data di nascita, luogo di nascita, residenza, ID o passaporto, numero di identificazione personale, et\u00e0, sesso, dati sanitari e sensibili, fotografie, e-mail, numero di telefono e altri dati simili, quando tramite questo sito inserite e registrate personalmente tali dati in moduli e applicazioni, per uno o pi\u00f9 scopi come stabilito nella presente politica.<\/p>\n\n<p>Inoltre, UPTC sh.p.k. raccoglie e tratta dati relativi all'utilizzo del nostro sito, ad esempio l'interesse mostrato su determinate questioni durante la navigazione, tramite l'indirizzo IP del computer o cellulare utilizzato per l'accesso, oppure utilizzando cookies e strumenti simili di tracciamento automatico.<\/p>\n\n<p>L'IP, cio\u00e8 Internet Protocol, \u00e8 un numero che il browser del computer riceve quando si accede a Internet e viene fornito automaticamente dal server. L'IP non costituisce necessariamente un'informazione identificabile, poich\u00e9 diverse persone potrebbero accedere tramite lo stesso computer.<\/p>\n\n<p>I cookies sono piccoli file che vengono collocati nel vostro browser quando visitate il sito UPTC sh.p.k. e consentono di riconoscere il browser, raccogliendo e memorizzando informazioni sui servizi che avete utilizzato o sulle questioni per cui avete mostrato interesse. Altri strumenti tecnologici di tracciamento, come i web beacons, sono piccoli file grafici posizionati nel sito web o nelle email, utilizzati principalmente per monitorare l'attivit\u00e0 e fornire informazioni ai server centrali.<\/p>\n\n<p><b>Finalit\u00e0 della raccolta e del trattamento dei dati<\/b><\/p>\n\n<p>La raccolta e il trattamento dei dati vengono effettuati per:<\/p>\n<p>a) La prenotazione di un appuntamento e o la registrazione e apertura di una cartella per una visita o trattamento medico odontoiatrico o estetico.<\/p>\n<p>b) Diagnosi e trattamento medico odontoiatrico o estetico.<\/p>\n<p>c) Contatto per ragioni mediche nell'ambito delle procedure mediche in corso.<\/p>\n<p>d) La conclusione di una domanda e o di un contratto valido per usufruire dei nostri prodotti o servizi.<\/p>\n<p>e) Identificare problematiche relative ai prodotti o servizi, trattare reclami e migliorare i servizi.<\/p>\n<p>f) Ottemperare agli obblighi legali, regolatori e o contrattuali.<\/p>\n<p>g) Trattare obblighi in ritardo o altri diritti legali o contrattuali, sia da parte della nostra organizzazione sia in collaborazione con terzi o autorit\u00e0 competenti.<\/p>\n<p>h) Ricerca scientifica, statistica, analisi e questionari.<\/p>\n<p>i) Personalizzare e promuovere per voi i prodotti o servizi o le questioni per cui avete mostrato o potreste mostrare interesse, nonch\u00e9 comunicare e fornire informazioni importanti sui servizi e prodotti dell'azienda, su cambiamenti, offerte o novit\u00e0 legate all'attivit\u00e0 della clinica, anche tramite messaggi informativi e marketing digitale.<\/p>\n<p>j) Comunicare con voi per altre ragioni su vostra richiesta.<\/p>\n\n<p><b>Condivisione e trasferimento dei dati<\/b><\/p>\n\n<p>UPTC sh.p.k. pu\u00f2 condividere i vostri dati con le societ\u00e0 del medesimo gruppo, incluse societ\u00e0 madri e filiali. In caso di cambiamento di controllo, ad esempio in seguito a vendita, fusione, insolvenza, fallimento o simili, UPTC sh.p.k. si riserva il diritto di condividere i vostri dati con la parte che acquisisce il controllo. In una situazione del genere, tutti i dati saranno trattati secondo questa Politica sulla Privacy, salvo modifiche apportate in conformit\u00e0 alla sezione sulle modifiche della Politica sulla Privacy e o al quadro normativo applicabile.<\/p>\n\n<p>Inoltre, UPTC sh.p.k. collabora con terze parti e contraenti che assistono nella fornitura, gestione e trattamento di prodotti e servizi, nonch\u00e9 nelle operazioni del sito web, nelle operazioni tecnologiche, nell'analisi dei dati, nella ricerca, nelle statistiche, nella distribuzione di e-mail, nella pubblicit\u00e0 e nella promozione. La nostra organizzazione ha stipulato contratti con queste parti per garantire che non utilizzino o promuovano i vostri dati per scopi diversi da quelli necessari per l'esecuzione del contratto.<\/p>\n\n<p>La condivisione dei vostri dati pu\u00f2 avvenire anche con le autorit\u00e0 ufficiali o terze parti nei seguenti casi:<\/p>\n<p>a) Per ottemperare agli obblighi legali.<\/p>\n<p>b) Quando la divulgazione \u00e8 effettuata per proteggere la vostra sicurezza o quella di altri, per proteggere l'interesse pubblico nel settore della salute pubblica, per indagare e prevenire frodi o altri rischi.<\/p>\n<p>c) Per trattare obblighi in ritardo o per proteggere i nostri diritti legali o contrattuali, sia da parte della nostra organizzazione sia in collaborazione con terzi o autorit\u00e0 legali, oppure in caso di trasferimento o cessione dei diritti e obblighi a una terza parte.<\/p>\n<p>d) In casi eccezionali come risposta a minacce o rischi per persone, propriet\u00e0 o per la protezione dei diritti fondamentali.<\/p>\n<p>e) Alle autorit\u00e0 pubbliche e sanitarie quando richiesto dalla legge.<\/p>\n<p>f) A enti pubblici o privati per il rimborso delle spese sanitarie.<\/p>\n<p>g) A specialisti per consigli necessari per l'esecuzione del servizio sanitario richiesto.<\/p>\n<p>h) Al medico sostituto o collaboratore, a terzi e contraenti con cui l'azienda collabora, inclusi quelli promozionali.<\/p>\n\n<p>I dati non saranno trasferiti in un paese terzo o a un'organizzazione internazionale al di fuori delle condizioni previste in questo punto.<\/p>\n\n<p>Il nostro sito pu\u00f2 contenere link ad altri siti web che applicano politiche sulla privacy proprie. UPTC sh.p.k. non trasferisce i vostri dati a questi siti, ma vi invitiamo a rivedere le loro politiche sulla privacy, poich\u00e9 UPTC sh.p.k. non garantisce come tali siti raccolgano e trattino i vostri dati.<\/p>\n\n<p><b>Sicurezza e periodo di conservazione dei dati<\/b><\/p>\n\n<p>Per la sicurezza dei dati personali, la nostra organizzazione ha implementato strumenti e sistemi tecnologici che prevengono l'accesso non autorizzato, il trattamento illecito, la perdita o distruzione dei dati, garantendo la riservatezza delle informazioni. Tuttavia, dovreste considerare i rischi derivanti da attacchi esterni cibernetici, che sono al di fuori del controllo di UPTC sh.p.k. e che non \u00e8 possibile evitare completamente.<\/p>\n\n<p>I vostri dati saranno conservati per un periodo compreso tra 5 e 20 anni, per il tempo necessario in base alle finalit\u00e0 del trattamento e agli obblighi di legge, inclusi:<\/p>\n<p>a) Realizzare lo scopo e la natura per cui sono stati raccolti.<\/p>\n<p>b) Realizzare il rapporto contrattuale.<\/p>\n<p>c) Ottemperare agli obblighi legali per il periodo richiesto dalla legge.<\/p>\n<p>d) Finalit\u00e0 di ricerca, statistica, scopi storici o altre circostanze consentite.<\/p>\n\n<p><b>I Tuoi Diritti<\/b><\/p>\n\n<p>In qualsiasi momento hai il diritto di accedere alle informazioni sui dati che sono stati raccolti e trattati su di te, di richiedere la correzione, l'aggiornamento, la limitazione del trattamento nei casi previsti dalla legge, l'interruzione del trattamento ulteriore e o la cancellazione di questi dati quando il loro trattamento non \u00e8 pi\u00f9 necessario o quando hai ritirato il consenso per il loro trattamento.<\/p>\n\n<p>Tuttavia, la cancellazione dei dati non pu\u00f2 essere realizzata se esistono motivi previsti nella sezione riguardante la sicurezza e la durata della conservazione dei dati. Inoltre, \u00e8 importante notare che, a livello tecnico e tecnologico, \u00e8 impossibile cancellare ogni singolo record conservato nei nostri server.<\/p>\n\n<p>Nell'esercizio dei tuoi diritti, hai la possibilit\u00e0 di rinunciare alla ricezione di comunicazioni, e-mail, pubblicazioni sui prodotti e servizi di UPTC shpk o altre notifiche pubblicitarie, disattivando la registrazione tramite il link o annullando le opzioni per la ricezione di notifiche e pubblicazioni.<\/p>\n\n<p>I diritti sopra menzionati possono essere esercitati presentando una richiesta ufficiale a UPTC shpk all'indirizzo fornito su questa pagina, oppure inviando tale richiesta a info@mydentaltourism.com o telefonando al numero +355676084446. Una volta ricevuta la tua richiesta, le strutture competenti di UPTC shpk la valuteranno e ti informeranno sulle azioni intraprese.<\/p>\n\n<p><b>Protezione della Privacy dei Bambini<\/b><\/p>\n\n<p>UPTC shpk raccoglie e tratta dati e informazioni relative ai bambini per motivi sanitari solo in conformit\u00e0 con le normative legali e si impegna a proteggere la loro privacy.<\/p>\n\n<p><b>Contattare UPTC shpk per questioni di privacy e dei tuoi dati<\/b><\/p>\n\n<p>Per qualsiasi domanda, dubbio, richiesta o reclamo riguardante la raccolta e il trattamento dei tuoi dati, puoi contattare UPTC shpk ai seguenti indirizzi e contatti:<\/p>\n<p>Sede Centrale di UPTC shpk: Lagjia Loni Dhamo, Lushnje, Albania.<\/p>\n<p>Tutte le filiali di UPTC shpk in Albania.<\/p>\n<p>Indirizzo e-mail: info@mydentaltourism.com<\/p>\n<p>Tel\/Cel: +355676084446<\/p>\n\n<p>Una volta ricevuta la tua richiesta, le strutture competenti di UPTC shpk la valuteranno e ti informeranno sulle azioni intraprese. Se ritieni che le questioni da te sollevate riguardo alla raccolta e al trattamento dei dati non abbiano trovato una soluzione adeguata, hai il diritto di rivolgerti al Commissario per la Protezione dei Dati Personali al link http:\/\/www.idp.al oppure ad altre autorit\u00e0 giudiziarie competenti.<\/p>\n\n<p><b>Modifica della Politica sulla Privacy<\/b><\/p>\n\n<p>UPTC shpk si riserva il diritto di modificare in qualsiasi momento questa Politica sulla Privacy e i prodotti o servizi offerti. Le modifiche diventeranno efficaci dalla data di pubblicazione su questa pagina, o tramite notifica via e-mail, o con qualsiasi altro mezzo di comunicazione disponibile.<\/p>\n\n<p>L'uso di questa pagina dopo le modifiche alla Politica sulla Privacy sar\u00e0 considerato come accettazione di tali modifiche. Vi incoraggiamo a rivedere periodicamente la Politica sulla Privacy per rimanere aggiornati su eventuali modifiche e pratiche pi\u00f9 recenti. Se non accettate i termini di questa Politica, non potrete continuare a utilizzare questa pagina.<\/p>\n<\/div><\/div><\/div><\/div><\/div><\/div><!-- cell_inner --><\/div><!-- cell --><\/div><!-- port --><\/section><\/p>\n","protected":false},"excerpt":{"rendered":"","protected":false},"author":3,"featured_media":0,"parent":0,"menu_order":0,"comment_status":"closed","ping_status":"closed","template":"","meta":{"footnotes":""},"class_list":["post-3140","page","type-page","status-publish","hentry"],"aioseo_notices":[],"_links":{"self":[{"href":"https:\/\/azalea-aesthetic.com\/it\/wp-json\/wp\/v2\/pages\/3140","targetHints":{"allow":["GET"]}}],"collection":[{"href":"https:\/\/azalea-aesthetic.com\/it\/wp-json\/wp\/v2\/pages"}],"about":[{"href":"https:\/\/azalea-aesthetic.com\/it\/wp-json\/wp\/v2\/types\/page"}],"author":[{"embeddable":true,"href":"https:\/\/azalea-aesthetic.com\/it\/wp-json\/wp\/v2\/users\/3"}],"replies":[{"embeddable":true,"href":"https:\/\/azalea-aesthetic.com\/it\/wp-json\/wp\/v2\/comments?post=3140"}],"version-history":[{"count":4,"href":"https:\/\/azalea-aesthetic.com\/it\/wp-json\/wp\/v2\/pages\/3140\/revisions"}],"predecessor-version":[{"id":3218,"href":"https:\/\/azalea-aesthetic.com\/it\/wp-json\/wp\/v2\/pages\/3140\/revisions\/3218"}],"wp:attachment":[{"href":"https:\/\/azalea-aesthetic.com\/it\/wp-json\/wp\/v2\/media?parent=3140"}],"curies":[{"name":"wp","href":"https:\/\/api.w.org\/{rel}","templated":true}]}}