{"id":3082,"date":"2024-07-16T08:21:11","date_gmt":"2024-07-16T08:21:11","guid":{"rendered":"https:\/\/azalea-aesthetic.com\/turizmi-dentar\/"},"modified":"2024-07-17T12:45:23","modified_gmt":"2024-07-17T12:45:23","slug":"turizmi-dentar","status":"publish","type":"page","link":"https:\/\/azalea-aesthetic.com\/sq\/turizmi-dentar\/","title":{"rendered":"Turizmi Dentar"},"content":{"rendered":"<p><section data-bb-version=\"5.0.1\" id=\"about-us\" class=\"bt_bb_section bt_bb_color_scheme_6 bt_bb_layout_boxed_1200 bt_bb_vertical_align_top bt_bb_top_section_coverage_image bt_bb_section_with_top_coverage_image bt_bb_bottom_section_coverage_image bt_bb_section_with_bottom_coverage_image bt_bb_top_spacing_extra_large bt_bb_bottom_spacing_normal\" style=\"; --section-primary-color:#ffffff; --section-secondary-color:#7b3991;\" data-bt-override-class=\"{&quot;bt_bb_top_spacing_&quot;:{&quot;current_class&quot;:&quot;bt_bb_top_spacing_extra_large&quot;,&quot;def&quot;:&quot;extra_large&quot;},&quot;bt_bb_bottom_spacing_&quot;:{&quot;current_class&quot;:&quot;bt_bb_bottom_spacing_normal&quot;,&quot;def&quot;:&quot;normal&quot;}}\"><div class=\"bt_bb_background_image_holder_wrapper\"><div class=\"bt_bb_background_image_holder btLazyLoadBackground bt_bb_parallax\"  data-background_image_src=\"https:\/\/azalea-aesthetic.com\/wp-content\/uploads\/2020\/05\/bgn-blurb-3.png\" data-parallax=\"0.7\" data-parallax-offset=\"0\" data-parallax-zoom-start=\"1\" data-parallax-zoom-end=\"1\" data-parallax-blur-start=\"0\" data-parallax-blur-end=\"0\" data-parallax-opacity-start=\"1\" data-parallax-opacity-end=\"1\" style=\" background-image: url(&#039;https:\/\/azalea-aesthetic.com\/wp-content\/plugins\/bold-page-builder\/img\/blank.gif&#039;);\"><\/div><\/div><div class=\"bt_bb_port\"><div class=\"bt_bb_cell\"><div class=\"bt_bb_cell_inner\"><div data-bb-version=\"5.0.1\" class=\"bt_bb_row \"  data-bt-override-class=\"{}\"><div class=\"bt_bb_row_holder\" ><div data-bb-version=\"5.0.1\"  class=\"bt_bb_column col-xxl-12 col-xl-12 col-xs-12 col-sm-12 col-md-12 col-lg-12 bt_bb_vertical_align_top bt_bb_align_center bt_bb_padding_normal\"  data-width=\"12\" data-bt-override-class=\"{&quot;bt_bb_align_&quot;:{&quot;current_class&quot;:&quot;bt_bb_align_center&quot;,&quot;def&quot;:&quot;center&quot;},&quot;bt_bb_padding_&quot;:{&quot;current_class&quot;:&quot;bt_bb_padding_normal&quot;,&quot;def&quot;:&quot;normal&quot;}}\"><div class=\"bt_bb_column_content\"><header data-bb-version=\"5.0.1\" class=\"bt_bb_headline bt_bb_font_weight_bold bt_bb_dash_none bt_bb_size_huge bt_bb_align_inherit bt_bb_dash_type_none\" style=\";color:rgb(255,255,255);border-color:rgb(255,255,255);\" data-bt-override-class=\"{&quot;bt_bb_size_&quot;:{&quot;current_class&quot;:&quot;bt_bb_size_huge&quot;,&quot;def&quot;:&quot;huge&quot;},&quot;bt_bb_align_&quot;:{&quot;current_class&quot;:&quot;bt_bb_align_inherit&quot;,&quot;def&quot;:&quot;inherit&quot;}}\"><h4 class=\"bt_bb_headline_tag\"><span class=\"bt_bb_headline_content\"><span>Turizmi Dentar<\/span><\/span><\/h4><\/header><\/div><\/div><\/div><\/div><div data-bb-version=\"5.0.1\" class=\"bt_bb_row \"  data-bt-override-class=\"{}\"><div class=\"bt_bb_row_holder\" ><div data-bb-version=\"5.0.1\"  class=\"bt_bb_column col-xxl-12 col-xl-12 col-xs-12 col-sm-12 col-md-12 col-lg-12 bt_bb_vertical_align_top bt_bb_align_left bt_bb_padding_normal\"  data-width=\"12\" data-bt-override-class=\"{}\"><div class=\"bt_bb_column_content\"><div data-bb-version=\"5.0.1\" class=\"bt_bb_separator bt_bb_border_style_none bt_bb_top_spacing_medium bt_bb_bottom_spacing_none\" data-bt-override-class=\"{&quot;bt_bb_top_spacing_&quot;:{&quot;current_class&quot;:&quot;bt_bb_top_spacing_medium&quot;,&quot;def&quot;:&quot;medium&quot;},&quot;bt_bb_bottom_spacing_&quot;:{&quot;current_class&quot;:&quot;bt_bb_bottom_spacing_none&quot;,&quot;def&quot;:&quot;none&quot;}}\"><\/div><\/div><\/div><\/div><\/div><div class=\"bt_bb_row \"  data-bt-override-class=\"{}\"><div class=\"bt_bb_row_holder\" ><div data-bb-version=\"5.0.1\"  class=\"bt_bb_column col-xxl-6 col-xl-6 col-xs-12 col-sm-6 col-md-6 col-lg-6 bt_bb_vertical_align_top bt_bb_align_left bt_bb_padding_double bt_bb_animation_fade_in animate\"  data-width=\"6\" data-bt-override-class=\"{&quot;bt_bb_align_&quot;:{&quot;current_class&quot;:&quot;bt_bb_align_left&quot;,&quot;def&quot;:&quot;left&quot;},&quot;bt_bb_padding_&quot;:{&quot;current_class&quot;:&quot;bt_bb_padding_double&quot;,&quot;def&quot;:&quot;double&quot;}}\"><div class=\"bt_bb_column_content\"><header data-bb-version=\"5.0.1\" class=\"bt_bb_headline bt_bb_font_weight_bolder bt_bb_dash_none bt_bb_size_huge bt_bb_align_inherit bt_bb_dash_type_none\" style=\";color:rgb(255,255,255);border-color:rgb(255,255,255);\" data-bt-override-class=\"{&quot;bt_bb_size_&quot;:{&quot;current_class&quot;:&quot;bt_bb_size_huge&quot;,&quot;def&quot;:&quot;huge&quot;},&quot;bt_bb_align_&quot;:{&quot;current_class&quot;:&quot;bt_bb_align_inherit&quot;,&quot;def&quot;:&quot;inherit&quot;}}\"><h3 class=\"bt_bb_headline_tag\"><span class=\"bt_bb_headline_content\"><span><small>Turizmi Dentar<\/small><br \/><br \/>\n<s>n\u00eb Shqip\u00ebri<\/s><br \/><br \/>\n<\/span><\/span><\/h3><\/header><div data-bb-version=\"5.0.1\" class=\"bt_bb_separator bt_bb_border_style_none bt_bb_top_spacing_medium bt_bb_bottom_spacing_none\" data-bt-override-class=\"{&quot;bt_bb_top_spacing_&quot;:{&quot;current_class&quot;:&quot;bt_bb_top_spacing_medium&quot;,&quot;def&quot;:&quot;medium&quot;},&quot;bt_bb_bottom_spacing_&quot;:{&quot;current_class&quot;:&quot;bt_bb_bottom_spacing_none&quot;,&quot;def&quot;:&quot;none&quot;}}\"><\/div><div data-bb-version=\"5.0.1\"  class=\"bt_bb_text\" ><\/p>\n<p>Mir\u00eb se vini n\u00eb Shqip\u00ebri, destinacioni juaj kryesor p\u00ebr kujdes dentar t\u00eb klasit t\u00eb par\u00eb, i kombinuar me nj\u00eb p\u00ebrvoj\u00eb udh\u00ebtimi t\u00eb paharrueshme. Ja pse Shqip\u00ebria \u00ebsht\u00eb zgjedhja e p\u00ebrsosur p\u00ebr trajtimin tuaj dentar:<\/p>\n<p>\n<\/div><\/div><\/div><div  class=\"bt_bb_column col-xxl-6 col-xl-6 col-xs-12 col-sm-6 col-md-6 col-lg-6 bt_bb_vertical_align_bottom bt_bb_align_center bt_bb_padding_normal bt_bb_animation_fade_in animate\"  data-width=\"6\" data-bt-override-class=\"{}\"><div class=\"bt_bb_column_content\"><div data-bb-version=\"5.0.1\" class=\"bt_bb_image bt_bb_shape_square bt_bb_target_self bt_bb_align_inherit bt_bb_hover_style_simple bt_bb_content_display_always bt_bb_content_align_middle\" data-bt-override-class=\"{&quot;bt_bb_align_&quot;:{&quot;current_class&quot;:&quot;bt_bb_align_inherit&quot;,&quot;def&quot;:&quot;inherit&quot;},&quot;bt_bb_content_display_&quot;:{&quot;current_class&quot;:&quot;bt_bb_content_display_always&quot;,&quot;def&quot;:&quot;always&quot;}}\"><span><img loading=\"lazy\" decoding=\"async\" width=\"1024\" height=\"576\" src=\"https:\/\/azalea-aesthetic.com\/wp-content\/uploads\/2024\/07\/dental-tourism-1024x576-1.png\" class=\"attachment-full size-full\" alt=\"https:\/\/azalea-aesthetic.com\/wp-content\/uploads\/2024\/07\/dental-tourism-1024x576-1.png\" data-full_image_src=\"https:\/\/azalea-aesthetic.com\/wp-content\/uploads\/2024\/07\/dental-tourism-1024x576-1.png\" title=\"dental-tourism-1024x576\" srcset=\"https:\/\/azalea-aesthetic.com\/wp-content\/uploads\/2024\/07\/dental-tourism-1024x576-1.png 1024w, https:\/\/azalea-aesthetic.com\/wp-content\/uploads\/2024\/07\/dental-tourism-1024x576-1-640x360.png 640w, https:\/\/azalea-aesthetic.com\/wp-content\/uploads\/2024\/07\/dental-tourism-1024x576-1-768x432.png 768w, https:\/\/azalea-aesthetic.com\/wp-content\/uploads\/2024\/07\/dental-tourism-1024x576-1-320x180.png 320w\" sizes=\"auto, (max-width: 1024px) 100vw, 1024px\" \/><\/span><\/div><div class=\"bt_bb_separator bt_bb_border_style_none bt_bb_bottom_spacing_normal\" data-bt-override-class=\"null\"><\/div><div class=\"bt_bb_separator bt_bb_border_style_none bt_bb_bottom_spacing_normal\" data-bt-override-class=\"null\"><\/div><\/div><\/div><\/div><\/div><\/div><!-- cell_inner --><\/div><!-- cell --><\/div><!-- port --><div class=\"bt_bb_section_top_section_coverage_image\"><img decoding=\"async\" src=\"https:\/\/azalea-aesthetic.com\/wp-content\/uploads\/2020\/02\/top-cover-3.png\" alt=\"bt_bb_section_top_section_coverage_image\" \/><\/div><div class=\"bt_bb_section_bottom_section_coverage_image\"><img decoding=\"async\" src=\"https:\/\/azalea-aesthetic.com\/wp-content\/uploads\/2020\/02\/bottom-cover-03.png\" alt=\"bt_bb_section_bottom_section_coverage_image\" \/><\/div><\/section><section data-bb-version=\"5.0.1\" id=\"bt_bb_section69e175c831219\" class=\"bt_bb_section bt_bb_layout_boxed_1200\"  data-bt-override-class=\"null\"><div class=\"bt_bb_port\"><div class=\"bt_bb_cell\"><div class=\"bt_bb_cell_inner\"><div class=\"bt_bb_row \"  data-bt-override-class=\"{}\"><div class=\"bt_bb_row_holder\" ><div data-bb-version=\"5.0.1\"  class=\"bt_bb_column col-xxl-6 col-xl-6 col-xs-12 col-sm-6 col-md-6 col-lg-6 bt_bb_vertical_align_top bt_bb_align_left bt_bb_padding_normal\"  data-width=\"6\" data-bt-override-class=\"{}\"><div class=\"bt_bb_column_content\"><div data-bb-version=\"5.0.1\"  class=\"bt_bb_text\" ><\/p>\n<h4><strong>Kujdes Dentar i Cil\u00ebsis\u00eb s\u00eb Lart\u00eb<\/strong><\/h4>\n<p>Klinikat tona dentare moderne jan\u00eb t\u00eb pajisura me teknologjin\u00eb m\u00eb t\u00eb avancuar dhe t\u00eb mbushura me profesionist\u00eb t\u00eb trajnuar me lart\u00eb. Shum\u00eb nga dentist\u00ebt tan\u00eb kan\u00eb arsimim dhe trajnim nd\u00ebrkomb\u00ebtar, duke siguruar standardet m\u00eb t\u00eb larta n\u00eb kujdesin dentar. Qoft\u00eb q\u00eb ju nevojiten kontrollime rutin\u00eb, stomatologji kozmetike apo procedura komplekse, ekspert\u00ebt tan\u00eb ofrojn\u00eb rezultate t\u00eb jasht\u00ebzakonshme.<\/p>\n<p>\n<\/div><div data-bb-version=\"5.0.1\" class=\"bt_bb_separator bt_bb_border_style_none bt_bb_top_spacing_normal bt_bb_bottom_spacing_none\" data-bt-override-class=\"{&quot;bt_bb_top_spacing_&quot;:{&quot;current_class&quot;:&quot;bt_bb_top_spacing_normal&quot;,&quot;def&quot;:&quot;normal&quot;},&quot;bt_bb_bottom_spacing_&quot;:{&quot;current_class&quot;:&quot;bt_bb_bottom_spacing_none&quot;,&quot;def&quot;:&quot;none&quot;}}\"><\/div><\/div><\/div><div data-bb-version=\"5.0.1\"  class=\"bt_bb_column col-xxl-6 col-xl-6 col-xs-12 col-sm-6 col-md-6 col-lg-6 bt_bb_vertical_align_top bt_bb_align_left bt_bb_padding_normal\"  data-width=\"6\" data-bt-override-class=\"{}\"><div class=\"bt_bb_column_content\"><div data-bb-version=\"5.0.1\"  class=\"bt_bb_text\" ><\/p>\n<h4><strong>\u00c7mimet e p\u00ebrballueshme<\/strong><\/h4>\n<p>P\u00ebrjetoni kursime t\u00eb konsiderueshme n\u00eb kosto pa b\u00ebr\u00eb kompromis me cil\u00ebsin\u00eb. Trajtimet dentare n\u00eb Shqip\u00ebri shpesh jan\u00eb 50-70% m\u00eb t\u00eb lira krahasuar me Evrop\u00ebn Per\u00ebndimore ose Shtetet e Bashkuara, fal\u00eb kostove m\u00eb t\u00eb ul\u00ebta t\u00eb jetes\u00ebs dhe operacionale. N\u00eb p\u00ebrfitim t\u00eb kujdesit dentar t\u00eb klasit t\u00eb par\u00eb n\u00eb nj\u00eb \u00e7mim t\u00eb vog\u00ebl t\u00eb shum\u00ebs.<\/p>\n<p>\n<\/div><div data-bb-version=\"5.0.1\" class=\"bt_bb_separator bt_bb_border_style_none bt_bb_top_spacing_normal bt_bb_bottom_spacing_none\" data-bt-override-class=\"{&quot;bt_bb_top_spacing_&quot;:{&quot;current_class&quot;:&quot;bt_bb_top_spacing_normal&quot;,&quot;def&quot;:&quot;normal&quot;},&quot;bt_bb_bottom_spacing_&quot;:{&quot;current_class&quot;:&quot;bt_bb_bottom_spacing_none&quot;,&quot;def&quot;:&quot;none&quot;}}\"><\/div><\/div><\/div><\/div><\/div><\/div><!-- cell_inner --><\/div><!-- cell --><\/div><!-- port --><\/section><section data-bb-version=\"5.0.1\" id=\"bt_bb_section69e175c8317ff\" class=\"bt_bb_section bt_bb_layout_boxed_1200\"  data-bt-override-class=\"null\"><div class=\"bt_bb_port\"><div class=\"bt_bb_cell\"><div class=\"bt_bb_cell_inner\"><div class=\"bt_bb_row \"  data-bt-override-class=\"{}\"><div class=\"bt_bb_row_holder\" ><div data-bb-version=\"5.0.1\"  class=\"bt_bb_column col-xxl-6 col-xl-6 col-xs-12 col-sm-6 col-md-6 col-lg-6 bt_bb_vertical_align_top bt_bb_align_left bt_bb_padding_normal\"  data-width=\"6\" data-bt-override-class=\"{}\"><div class=\"bt_bb_column_content\"><div data-bb-version=\"5.0.1\"  class=\"bt_bb_text\" ><\/p>\n<h4><strong>Mund\u00ebsit\u00eb turistike<\/strong><\/h4>\n<p>Eksploroni plazhet e pastra t\u00eb Shqip\u00ebris\u00eb, malet e v\u00ebshtira dhe qytetet historike si Tirana, Butrinti dhe Gjirokastra. Shijoni trash\u00ebgimin\u00eb ton\u00eb kulturore t\u00eb pasur, arkitektur\u00ebn e ndryshme, muzik\u00ebn tradicionale dhe kuzhin\u00ebn shum\u00ebngjyr\u00ebshe. Mikpritja e ngroht\u00eb e popullit shqiptar do t&#8217;ju b\u00ebj\u00eb t\u00eb ndiheni si n\u00eb sht\u00ebpi.<\/p>\n<p>\n<\/div><div data-bb-version=\"5.0.1\" class=\"bt_bb_separator bt_bb_border_style_none bt_bb_top_spacing_normal bt_bb_bottom_spacing_none\" data-bt-override-class=\"{&quot;bt_bb_top_spacing_&quot;:{&quot;current_class&quot;:&quot;bt_bb_top_spacing_normal&quot;,&quot;def&quot;:&quot;normal&quot;},&quot;bt_bb_bottom_spacing_&quot;:{&quot;current_class&quot;:&quot;bt_bb_bottom_spacing_none&quot;,&quot;def&quot;:&quot;none&quot;}}\"><\/div><\/div><\/div><div data-bb-version=\"5.0.1\"  class=\"bt_bb_column col-xxl-6 col-xl-6 col-xs-12 col-sm-6 col-md-6 col-lg-6 bt_bb_vertical_align_top bt_bb_align_left bt_bb_padding_normal\"  data-width=\"6\" data-bt-override-class=\"{}\"><div class=\"bt_bb_column_content\"><div data-bb-version=\"5.0.1\"  class=\"bt_bb_text\" ><\/p>\n<h4><strong>Komoditet dhe aksesueshm\u00ebri<\/strong><\/h4>\n<p>Udh\u00ebtimi drejt Shqip\u00ebris\u00eb \u00ebsht\u00eb i leht\u00eb me fluturime t\u00eb shumta nd\u00ebrkomb\u00ebtare p\u00ebr n\u00eb Aeroportin Nd\u00ebrkomb\u00ebtar t\u00eb Tiran\u00ebs. Shum\u00eb klinika dentare ofrojn\u00eb paketa t\u00eb plota q\u00eb p\u00ebrfshijn\u00eb transferime aeroporti, akomodim, dhe udh\u00ebtime t\u00eb udh\u00ebzuar p\u00ebr nj\u00eb p\u00ebrvoj\u00eb t\u00eb paq\u00ebndrueshme.<\/p>\n<p>\n<\/div><div data-bb-version=\"5.0.1\" class=\"bt_bb_separator bt_bb_border_style_none bt_bb_top_spacing_normal bt_bb_bottom_spacing_none\" data-bt-override-class=\"{&quot;bt_bb_top_spacing_&quot;:{&quot;current_class&quot;:&quot;bt_bb_top_spacing_normal&quot;,&quot;def&quot;:&quot;normal&quot;},&quot;bt_bb_bottom_spacing_&quot;:{&quot;current_class&quot;:&quot;bt_bb_bottom_spacing_none&quot;,&quot;def&quot;:&quot;none&quot;}}\"><\/div><\/div><\/div><\/div><\/div><\/div><!-- cell_inner --><\/div><!-- cell --><\/div><!-- port --><\/section><section data-bb-version=\"5.0.1\" id=\"bt_bb_section69e175c831f2b\" class=\"bt_bb_section bt_bb_layout_boxed_1200\"  data-bt-override-class=\"null\"><div class=\"bt_bb_port\"><div class=\"bt_bb_cell\"><div class=\"bt_bb_cell_inner\"><div class=\"bt_bb_row \"  data-bt-override-class=\"{}\"><div class=\"bt_bb_row_holder\" ><div data-bb-version=\"5.0.1\"  class=\"bt_bb_column col-xxl-12 col-xl-12 col-xs-12 col-sm-12 col-md-12 col-lg-12 bt_bb_vertical_align_top bt_bb_align_left bt_bb_padding_normal\"  data-width=\"12\" data-bt-override-class=\"{}\"><div class=\"bt_bb_column_content\"><div data-bb-version=\"5.0.1\"  class=\"bt_bb_text\" ><\/p>\n<h4><strong>Filloni udh\u00ebtimin tuaj sot!<\/strong><\/h4>\n<p>Kombino nevojat p\u00ebr kujdes sh\u00ebndet\u00ebsor me nj\u00eb pushime t\u00eb paharrueshme. Zgjidhni Shqip\u00ebrin\u00eb p\u00ebr kujdes dentar t\u00eb p\u00ebrballuesh\u00ebm dhe t\u00eb cil\u00ebsis\u00eb s\u00eb lart\u00eb, si dhe p\u00ebr nj\u00eb p\u00ebrvoj\u00eb udh\u00ebtimi t\u00eb paharrueshme. Kontaktoni ne sot p\u00ebr t\u00eb planifikuar udh\u00ebtimin tuaj t\u00eb turizmit dentar.<\/p>\n<p>\n<\/div><div data-bb-version=\"5.0.1\" class=\"bt_bb_separator bt_bb_border_style_none bt_bb_top_spacing_large bt_bb_bottom_spacing_none\" data-bt-override-class=\"{&quot;bt_bb_top_spacing_&quot;:{&quot;current_class&quot;:&quot;bt_bb_top_spacing_large&quot;,&quot;def&quot;:&quot;large&quot;},&quot;bt_bb_bottom_spacing_&quot;:{&quot;current_class&quot;:&quot;bt_bb_bottom_spacing_none&quot;,&quot;def&quot;:&quot;none&quot;}}\"><\/div><\/div><\/div><\/div><\/div><\/div><!-- cell_inner --><\/div><!-- cell --><\/div><!-- port --><\/section><\/p>\n","protected":false},"excerpt":{"rendered":"","protected":false},"author":1,"featured_media":0,"parent":0,"menu_order":0,"comment_status":"closed","ping_status":"closed","template":"","meta":{"footnotes":""},"class_list":["post-3082","page","type-page","status-publish","hentry"],"aioseo_notices":[],"_links":{"self":[{"href":"https:\/\/azalea-aesthetic.com\/sq\/wp-json\/wp\/v2\/pages\/3082","targetHints":{"allow":["GET"]}}],"collection":[{"href":"https:\/\/azalea-aesthetic.com\/sq\/wp-json\/wp\/v2\/pages"}],"about":[{"href":"https:\/\/azalea-aesthetic.com\/sq\/wp-json\/wp\/v2\/types\/page"}],"author":[{"embeddable":true,"href":"https:\/\/azalea-aesthetic.com\/sq\/wp-json\/wp\/v2\/users\/1"}],"replies":[{"embeddable":true,"href":"https:\/\/azalea-aesthetic.com\/sq\/wp-json\/wp\/v2\/comments?post=3082"}],"version-history":[{"count":3,"href":"https:\/\/azalea-aesthetic.com\/sq\/wp-json\/wp\/v2\/pages\/3082\/revisions"}],"predecessor-version":[{"id":3085,"href":"https:\/\/azalea-aesthetic.com\/sq\/wp-json\/wp\/v2\/pages\/3082\/revisions\/3085"}],"wp:attachment":[{"href":"https:\/\/azalea-aesthetic.com\/sq\/wp-json\/wp\/v2\/media?parent=3082"}],"curies":[{"name":"wp","href":"https:\/\/api.w.org\/{rel}","templated":true}]}}