{"id":3090,"date":"2024-07-16T07:10:02","date_gmt":"2024-07-16T07:10:02","guid":{"rendered":"https:\/\/azalea-aesthetic.com\/dental\/"},"modified":"2024-07-17T13:56:34","modified_gmt":"2024-07-17T13:56:34","slug":"dental","status":"publish","type":"page","link":"https:\/\/azalea-aesthetic.com\/sq\/dental\/","title":{"rendered":"Dental"},"content":{"rendered":"<p><section data-bb-version=\"5.0.1\" id=\"about-us\" class=\"bt_bb_section bt_bb_color_scheme_6 bt_bb_layout_boxed_1200 bt_bb_vertical_align_top bt_bb_top_section_coverage_image bt_bb_section_with_top_coverage_image bt_bb_bottom_section_coverage_image bt_bb_section_with_bottom_coverage_image bt_bb_top_spacing_extra_large bt_bb_bottom_spacing_normal\" style=\"; --section-primary-color:#ffffff; --section-secondary-color:#7b3991;\" data-bt-override-class=\"{&quot;bt_bb_top_spacing_&quot;:{&quot;current_class&quot;:&quot;bt_bb_top_spacing_extra_large&quot;,&quot;def&quot;:&quot;extra_large&quot;},&quot;bt_bb_bottom_spacing_&quot;:{&quot;current_class&quot;:&quot;bt_bb_bottom_spacing_normal&quot;,&quot;def&quot;:&quot;normal&quot;}}\"><div class=\"bt_bb_background_image_holder_wrapper\"><div class=\"bt_bb_background_image_holder btLazyLoadBackground bt_bb_parallax\"  data-background_image_src=\"https:\/\/azalea-aesthetic.com\/wp-content\/uploads\/2020\/05\/bgn-blurb-3.png\" data-parallax=\"0.7\" data-parallax-offset=\"0\" data-parallax-zoom-start=\"1\" data-parallax-zoom-end=\"1\" data-parallax-blur-start=\"0\" data-parallax-blur-end=\"0\" data-parallax-opacity-start=\"1\" data-parallax-opacity-end=\"1\" style=\" background-image: url(&#039;https:\/\/azalea-aesthetic.com\/wp-content\/plugins\/bold-page-builder\/img\/blank.gif&#039;);\"><\/div><\/div><div class=\"bt_bb_port\"><div class=\"bt_bb_cell\"><div class=\"bt_bb_cell_inner\"><div data-bb-version=\"5.0.1\" class=\"bt_bb_row \"  data-bt-override-class=\"{}\"><div class=\"bt_bb_row_holder\" ><div data-bb-version=\"5.0.1\"  class=\"bt_bb_column col-xxl-12 col-xl-12 col-xs-12 col-sm-12 col-md-12 col-lg-12 bt_bb_vertical_align_top bt_bb_align_center bt_bb_padding_normal\"  data-width=\"12\" data-bt-override-class=\"{&quot;bt_bb_align_&quot;:{&quot;current_class&quot;:&quot;bt_bb_align_center&quot;,&quot;def&quot;:&quot;center&quot;},&quot;bt_bb_padding_&quot;:{&quot;current_class&quot;:&quot;bt_bb_padding_normal&quot;,&quot;def&quot;:&quot;normal&quot;}}\"><div class=\"bt_bb_column_content\"><header data-bb-version=\"5.0.1\" class=\"bt_bb_headline bt_bb_font_weight_bold bt_bb_dash_none bt_bb_size_huge bt_bb_align_inherit bt_bb_dash_type_none\" style=\";color:rgb(255,255,255);border-color:rgb(255,255,255);\" data-bt-override-class=\"{&quot;bt_bb_size_&quot;:{&quot;current_class&quot;:&quot;bt_bb_size_huge&quot;,&quot;def&quot;:&quot;huge&quot;},&quot;bt_bb_align_&quot;:{&quot;current_class&quot;:&quot;bt_bb_align_inherit&quot;,&quot;def&quot;:&quot;inherit&quot;}}\"><h4 class=\"bt_bb_headline_tag\"><span class=\"bt_bb_headline_content\"><span>Mir\u00eb se vini n\u00eb Azelea Aesthetic.<\/span><\/span><\/h4><\/header><\/div><\/div><\/div><\/div><div data-bb-version=\"5.0.1\" class=\"bt_bb_row \"  data-bt-override-class=\"{}\"><div class=\"bt_bb_row_holder\" ><div data-bb-version=\"5.0.1\"  class=\"bt_bb_column col-xxl-12 col-xl-12 col-xs-12 col-sm-12 col-md-12 col-lg-12 bt_bb_vertical_align_top bt_bb_align_left bt_bb_padding_normal\"  data-width=\"12\" data-bt-override-class=\"{}\"><div class=\"bt_bb_column_content\"><div data-bb-version=\"5.0.1\" class=\"bt_bb_separator bt_bb_border_style_none bt_bb_top_spacing_medium bt_bb_bottom_spacing_none\" data-bt-override-class=\"{&quot;bt_bb_top_spacing_&quot;:{&quot;current_class&quot;:&quot;bt_bb_top_spacing_medium&quot;,&quot;def&quot;:&quot;medium&quot;},&quot;bt_bb_bottom_spacing_&quot;:{&quot;current_class&quot;:&quot;bt_bb_bottom_spacing_none&quot;,&quot;def&quot;:&quot;none&quot;}}\"><\/div><\/div><\/div><\/div><\/div><div data-bb-version=\"5.0.1\" class=\"bt_bb_row \"  data-bt-override-class=\"{}\"><div class=\"bt_bb_row_holder\" ><div data-bb-version=\"5.0.1\"  class=\"bt_bb_column col-xxl-6 col-xl-6 col-xs-12 col-sm-6 col-md-6 col-lg-6 bt_bb_vertical_align_top bt_bb_align_left bt_bb_padding_normal\"  data-width=\"6\" data-bt-override-class=\"{}\"><div class=\"bt_bb_column_content\"><div data-bb-version=\"5.0.1\" class=\"bt_bb_separator bt_bb_border_style_none bt_bb_top_spacing_medium bt_bb_bottom_spacing_none\" data-bt-override-class=\"{&quot;bt_bb_top_spacing_&quot;:{&quot;current_class&quot;:&quot;bt_bb_top_spacing_medium&quot;,&quot;def&quot;:&quot;medium&quot;},&quot;bt_bb_bottom_spacing_&quot;:{&quot;current_class&quot;:&quot;bt_bb_bottom_spacing_none&quot;,&quot;def&quot;:&quot;none&quot;}}\"><\/div><\/div><\/div><div data-bb-version=\"5.0.1\"  class=\"bt_bb_column col-xxl-6 col-xl-6 col-xs-12 col-sm-6 col-md-6 col-lg-6 bt_bb_vertical_align_top bt_bb_align_left bt_bb_padding_normal\"  data-width=\"6\" data-bt-override-class=\"{}\"><div class=\"bt_bb_column_content\"><div data-bb-version=\"5.0.1\" class=\"bt_bb_separator bt_bb_border_style_none bt_bb_top_spacing_medium bt_bb_bottom_spacing_none\" data-bt-override-class=\"{&quot;bt_bb_top_spacing_&quot;:{&quot;current_class&quot;:&quot;bt_bb_top_spacing_medium&quot;,&quot;def&quot;:&quot;medium&quot;},&quot;bt_bb_bottom_spacing_&quot;:{&quot;current_class&quot;:&quot;bt_bb_bottom_spacing_none&quot;,&quot;def&quot;:&quot;none&quot;}}\"><\/div><\/div><\/div><\/div><\/div><div class=\"bt_bb_row \"  data-bt-override-class=\"{}\"><div class=\"bt_bb_row_holder\" ><div data-bb-version=\"5.0.1\"  class=\"bt_bb_column col-xxl-6 col-xl-6 bt_bb_vertical_align_top bt_bb_align_left bt_bb_padding_double bt_bb_animation_fade_in animate\"  data-width=\"6\" data-bt-override-class=\"{&quot;bt_bb_align_&quot;:{&quot;current_class&quot;:&quot;bt_bb_align_left&quot;,&quot;def&quot;:&quot;left&quot;},&quot;bt_bb_padding_&quot;:{&quot;current_class&quot;:&quot;bt_bb_padding_double&quot;,&quot;def&quot;:&quot;double&quot;}}\"><div class=\"bt_bb_column_content\"><div  class=\"bt_bb_text\" ><\/p>\n<p>N\u00eb Azelea Aesthetic, ne besojm\u00eb se nj\u00eb buz\u00ebqeshje e bukur \u00ebsht\u00eb nj\u00eb pasuri e fuqishme dhe nj\u00eb hap\u00ebsir\u00eb drejt mir\u00ebqenies s\u00eb p\u00ebrgjithshme. Misioni yn\u00eb \u00ebsht\u00eb t\u00eb sigurojm\u00eb kujdes dentar t\u00eb jasht\u00ebzakonsh\u00ebm n\u00eb nj\u00eb mjedis t\u00eb ngroht\u00eb dhe mikprit\u00ebs, duke siguruar q\u00eb \u00e7do pacient t\u00eb largohet me nj\u00eb buz\u00ebqeshje m\u00eb t\u00eb sh\u00ebndetshme dhe m\u00eb t\u00eb ndritshme.<\/p>\n<h3>Angazhimi yn\u00eb p\u00ebr p\u00ebrparim t\u00eb shk\u00eblqyer<\/h3>\n<p>Ne jemi t\u00eb p\u00ebrkushtuar n\u00eb ofrimin e standardeve m\u00eb t\u00eb larta t\u00eb kujdesit dentar. Ekipi yn\u00eb i profesionist\u00ebve t\u00eb aft\u00eb dhe t\u00eb dashur \u00ebsht\u00eb i angazhuar t\u00eb mbetet n\u00eb krye t\u00eb teknologjis\u00eb dhe praktikave dentare. Ky angazhim na lejon t\u00eb ofrojm\u00eb trajtime m\u00eb efektive duke siguruar komoditetin dhe k\u00ebnaq\u00ebsin\u00eb e pacientit.<\/p>\n<p>\n<\/div><\/div><\/div><div  class=\"bt_bb_column col-xxl-6 col-xl-6 bt_bb_vertical_align_bottom bt_bb_align_center bt_bb_padding_normal bt_bb_animation_fade_in animate\"  data-width=\"6\" data-bt-override-class=\"{}\"><div class=\"bt_bb_column_content\"><div data-bb-version=\"4.5.6\" class=\"bt_bb_image bt_bb_shape_square bt_bb_target_self bt_bb_align_inherit bt_bb_hover_style_simple bt_bb_content_display_always bt_bb_content_align_middle\" data-bt-override-class=\"{&quot;bt_bb_align_&quot;:{&quot;current_class&quot;:&quot;bt_bb_align_inherit&quot;,&quot;def&quot;:&quot;inherit&quot;}}\"><span><img loading=\"lazy\" decoding=\"async\" width=\"2560\" height=\"1707\" src=\"https:\/\/azalea-aesthetic.com\/wp-content\/uploads\/2023\/11\/DSC08960-scaled.jpg\" class=\"attachment-full size-full\" alt=\"https:\/\/azalea-aesthetic.com\/wp-content\/uploads\/2023\/11\/DSC08960-scaled.jpg\" data-full_image_src=\"https:\/\/azalea-aesthetic.com\/wp-content\/uploads\/2023\/11\/DSC08960-scaled.jpg\" title=\"DSC08960\" srcset=\"https:\/\/azalea-aesthetic.com\/wp-content\/uploads\/2023\/11\/DSC08960-scaled.jpg 2560w, https:\/\/azalea-aesthetic.com\/wp-content\/uploads\/2023\/11\/DSC08960-640x427.jpg 640w, https:\/\/azalea-aesthetic.com\/wp-content\/uploads\/2023\/11\/DSC08960-1280x853.jpg 1280w, https:\/\/azalea-aesthetic.com\/wp-content\/uploads\/2023\/11\/DSC08960-768x512.jpg 768w, https:\/\/azalea-aesthetic.com\/wp-content\/uploads\/2023\/11\/DSC08960-1536x1024.jpg 1536w, https:\/\/azalea-aesthetic.com\/wp-content\/uploads\/2023\/11\/DSC08960-2048x1365.jpg 2048w, https:\/\/azalea-aesthetic.com\/wp-content\/uploads\/2023\/11\/DSC08960-320x213.jpg 320w\" sizes=\"auto, (max-width: 2560px) 100vw, 2560px\" \/><\/span><\/div><div class=\"bt_bb_separator bt_bb_border_style_none bt_bb_bottom_spacing_normal\" data-bt-override-class=\"null\"><\/div><div class=\"bt_bb_separator bt_bb_border_style_none bt_bb_bottom_spacing_normal\" data-bt-override-class=\"null\"><\/div><\/div><\/div><\/div><\/div><\/div><!-- cell_inner --><\/div><!-- cell --><\/div><!-- port --><div class=\"bt_bb_section_top_section_coverage_image\"><img decoding=\"async\" src=\"https:\/\/azalea-aesthetic.com\/wp-content\/uploads\/2020\/02\/top-cover-3.png\" alt=\"bt_bb_section_top_section_coverage_image\" \/><\/div><div class=\"bt_bb_section_bottom_section_coverage_image\"><img decoding=\"async\" src=\"https:\/\/azalea-aesthetic.com\/wp-content\/uploads\/2020\/02\/bottom-cover-03.png\" alt=\"bt_bb_section_bottom_section_coverage_image\" \/><\/div><\/section><section data-bb-version=\"5.0.1\" id=\"bt_bb_section69e174df899df\" class=\"bt_bb_section bt_bb_layout_boxed_1200\"  data-bt-override-class=\"null\"><div class=\"bt_bb_port\"><div class=\"bt_bb_cell\"><div class=\"bt_bb_cell_inner\"><div class=\"bt_bb_row \"  data-bt-override-class=\"{}\"><div class=\"bt_bb_row_holder\" ><div data-bb-version=\"5.0.1\"  class=\"bt_bb_column col-xxl-6 col-xl-6 col-xs-12 col-sm-6 col-md-6 col-lg-6 bt_bb_vertical_align_top bt_bb_align_left bt_bb_padding_normal\"  data-width=\"6\" data-bt-override-class=\"{}\"><div class=\"bt_bb_column_content\"><div data-bb-version=\"5.0.1\"  class=\"bt_bb_text\" ><\/p>\n<h3>Nj\u00eb qasje e p\u00ebrqendruar te pacienti<\/h3>\n<p>Nj\u00eb qasje e p\u00ebrqendruar te pacienti padyshim \u00ebsht\u00eb thelb\u00ebsore p\u00ebr ne n\u00eb Azelea Aesthetic. Q\u00eb n\u00eb momentin kur kaloni n\u00ebp\u00ebr dyert tona, do t\u00eb p\u00ebrjetoni nj\u00eb atmosfer\u00eb miq\u00ebsore dhe mikprit\u00ebse e dizajnuar p\u00ebr t\u00eb ju b\u00ebr\u00eb t\u00eb ndiheni t\u00eb qet\u00eb. Ne marrim koh\u00eb p\u00ebr t\u00eb d\u00ebgjuar shqet\u00ebsimet tuaja dhe p\u00ebr t\u00eb kuptuar nevojat unike dentare t\u00eb juaja, duke krijuar plane trajtimi personalizuar q\u00eb jan\u00eb t\u00eb p\u00ebrshtatura posa\u00e7\u00ebrisht p\u00ebr ju.<\/p>\n<p>\n<\/div><div data-bb-version=\"5.0.1\" class=\"bt_bb_separator bt_bb_border_style_none bt_bb_top_spacing_normal bt_bb_bottom_spacing_none\" data-bt-override-class=\"{&quot;bt_bb_top_spacing_&quot;:{&quot;current_class&quot;:&quot;bt_bb_top_spacing_normal&quot;,&quot;def&quot;:&quot;normal&quot;},&quot;bt_bb_bottom_spacing_&quot;:{&quot;current_class&quot;:&quot;bt_bb_bottom_spacing_none&quot;,&quot;def&quot;:&quot;none&quot;}}\"><\/div><\/div><\/div><div data-bb-version=\"5.0.1\"  class=\"bt_bb_column col-xxl-6 col-xl-6 col-xs-12 col-sm-6 col-md-6 col-lg-6 bt_bb_vertical_align_top bt_bb_align_left bt_bb_padding_normal\"  data-width=\"6\" data-bt-override-class=\"{}\"><div class=\"bt_bb_column_content\"><div data-bb-version=\"5.0.1\"  class=\"bt_bb_text\" ><\/p>\n<h3>Teknologji dhe teknika inovative<\/h3>\n<p>N\u00eb Azelea Aesthetic, ne p\u00ebrdorim teknologji t\u00eb avancuar p\u00ebr t\u00eb p\u00ebrmir\u00ebsuar cil\u00ebsin\u00eb e kujdesit ton\u00eb. Pajisjet tona t\u00eb avancuara dhe teknikat na lejojn\u00eb t\u00eb diagnostikojm\u00eb dhe trajtojm\u00eb problemet dentare me m\u00eb shum\u00eb precizion dhe efikasitet, duke siguruar rezultate optimale p\u00ebr pacient\u00ebt tan\u00eb.<\/p>\n<p>\n<\/div><div data-bb-version=\"5.0.1\" class=\"bt_bb_separator bt_bb_border_style_none bt_bb_top_spacing_normal bt_bb_bottom_spacing_none\" data-bt-override-class=\"{&quot;bt_bb_top_spacing_&quot;:{&quot;current_class&quot;:&quot;bt_bb_top_spacing_normal&quot;,&quot;def&quot;:&quot;normal&quot;},&quot;bt_bb_bottom_spacing_&quot;:{&quot;current_class&quot;:&quot;bt_bb_bottom_spacing_none&quot;,&quot;def&quot;:&quot;none&quot;}}\"><\/div><\/div><\/div><\/div><\/div><\/div><!-- cell_inner --><\/div><!-- cell --><\/div><!-- port --><\/section><section data-bb-version=\"5.0.1\" id=\"bt_bb_section69e174df8a016\" class=\"bt_bb_section bt_bb_layout_boxed_1200\"  data-bt-override-class=\"null\"><div class=\"bt_bb_port\"><div class=\"bt_bb_cell\"><div class=\"bt_bb_cell_inner\"><div class=\"bt_bb_row \"  data-bt-override-class=\"{}\"><div class=\"bt_bb_row_holder\" ><div data-bb-version=\"5.0.1\"  class=\"bt_bb_column col-xxl-6 col-xl-6 col-xs-12 col-sm-6 col-md-6 col-lg-6 bt_bb_vertical_align_top bt_bb_align_left bt_bb_padding_normal\"  data-width=\"6\" data-bt-override-class=\"{}\"><div class=\"bt_bb_column_content\"><div data-bb-version=\"5.0.1\"  class=\"bt_bb_text\" ><\/p>\n<h3>Edukimi dhe Parandalimi<\/h3>\n<p>Ne besojm\u00eb n\u00eb fuqin\u00eb e edukimit dhe parandalimit n\u00eb mbajtjen e sh\u00ebndetit oral afatgjat\u00eb. Ekipi yn\u00eb \u00ebsht\u00eb i passionuar p\u00ebr t\u00eb ju ofruar njohurit\u00eb dhe mjeteve t\u00eb nevojshme p\u00ebr t\u00eb mbajtur buz\u00ebqeshjen tuaj t\u00eb sh\u00ebndetshme mes vizitave. Ne ofrojm\u00eb k\u00ebshilla t\u00eb plota mbi praktikat e duhura t\u00eb higjien\u00ebs orale dhe zgjedhjet e stilit t\u00eb jetes\u00ebs q\u00eb mund t\u00eb ken\u00eb nj\u00eb ndikim pozitiv n\u00eb sh\u00ebndetin tuaj dentar.<\/p>\n<p>\n<\/div><div data-bb-version=\"5.0.1\" class=\"bt_bb_separator bt_bb_border_style_none bt_bb_top_spacing_normal bt_bb_bottom_spacing_none\" data-bt-override-class=\"{&quot;bt_bb_top_spacing_&quot;:{&quot;current_class&quot;:&quot;bt_bb_top_spacing_normal&quot;,&quot;def&quot;:&quot;normal&quot;},&quot;bt_bb_bottom_spacing_&quot;:{&quot;current_class&quot;:&quot;bt_bb_bottom_spacing_none&quot;,&quot;def&quot;:&quot;none&quot;}}\"><\/div><\/div><\/div><div data-bb-version=\"5.0.1\"  class=\"bt_bb_column col-xxl-6 col-xl-6 col-xs-12 col-sm-6 col-md-6 col-lg-6 bt_bb_vertical_align_top bt_bb_align_left bt_bb_padding_normal\"  data-width=\"6\" data-bt-override-class=\"{}\"><div class=\"bt_bb_column_content\"><div data-bb-version=\"5.0.1\"  class=\"bt_bb_text\" ><\/p>\n<h3>Komuniteti dhe kujdesi<\/h3>\n<p>Si an\u00ebtar\u00eb krenar t\u00eb komunitetit ton\u00eb, Azelea Aesthetic \u00ebsht\u00eb i p\u00ebrkushtuar n\u00eb dh\u00ebnien dhe b\u00ebrjen e nj\u00eb ndikimi pozitiv. Ne marrim pjes\u00eb n\u00eb ngjarje dhe nismat lokale, duke p\u00ebrpiqur t\u00eb p\u00ebrmir\u00ebsojm\u00eb sh\u00ebndetin dentar dhe mir\u00ebqenien e p\u00ebrgjithshme brenda komunitetit ton\u00eb.<\/p>\n<p>\n<\/div><div data-bb-version=\"5.0.1\" class=\"bt_bb_separator bt_bb_border_style_none bt_bb_top_spacing_normal bt_bb_bottom_spacing_none\" data-bt-override-class=\"{&quot;bt_bb_top_spacing_&quot;:{&quot;current_class&quot;:&quot;bt_bb_top_spacing_normal&quot;,&quot;def&quot;:&quot;normal&quot;},&quot;bt_bb_bottom_spacing_&quot;:{&quot;current_class&quot;:&quot;bt_bb_bottom_spacing_none&quot;,&quot;def&quot;:&quot;none&quot;}}\"><\/div><\/div><\/div><\/div><\/div><\/div><!-- cell_inner --><\/div><!-- cell --><\/div><!-- port --><\/section><section data-bb-version=\"5.0.1\" id=\"bt_bb_section69e174df8a656\" class=\"bt_bb_section bt_bb_layout_boxed_1200\"  data-bt-override-class=\"null\"><div class=\"bt_bb_port\"><div class=\"bt_bb_cell\"><div class=\"bt_bb_cell_inner\"><div class=\"bt_bb_row \"  data-bt-override-class=\"{}\"><div class=\"bt_bb_row_holder\" ><div data-bb-version=\"5.0.1\"  class=\"bt_bb_column col-xxl-12 col-xl-12 col-xs-12 col-sm-12 col-md-12 col-lg-12 bt_bb_vertical_align_top bt_bb_align_left bt_bb_padding_normal\"  data-width=\"12\" data-bt-override-class=\"{}\"><div class=\"bt_bb_column_content\"><div data-bb-version=\"5.0.1\"  class=\"bt_bb_text\" ><\/p>\n<h3>Udh\u00ebtimi juaj drejt nj\u00eb buz\u00ebqeshjeje t\u00eb bukur<\/h3>\n<p>N\u00eb Azelea Aesthetic, ne kuptojm\u00eb se \u00e7do buz\u00ebqeshje \u00ebsht\u00eb unike. Ne jemi k\u00ebtu p\u00ebr t\u00eb ju mb\u00ebshtetur n\u00eb udh\u00ebtimin tuaj drejt arritjes s\u00eb buz\u00ebqeshjes q\u00eb gjithmon\u00eb keni dashur. Pavar\u00ebsisht n\u00ebse k\u00ebrkoni kujdes dentar rutinor apo d\u00ebshironi t\u00eb p\u00ebrmir\u00ebsoni estetik\u00ebn e buz\u00ebqeshjes tuaj, ekipi yn\u00eb \u00ebsht\u00eb k\u00ebtu p\u00ebr t\u00eb ju ndihmuar n\u00eb \u00e7do hap t\u00eb udh\u00ebtimit tuaj.<\/p>\n<p>\n<\/div><div data-bb-version=\"5.0.1\" class=\"bt_bb_separator bt_bb_border_style_none bt_bb_top_spacing_large bt_bb_bottom_spacing_none\" data-bt-override-class=\"{&quot;bt_bb_top_spacing_&quot;:{&quot;current_class&quot;:&quot;bt_bb_top_spacing_large&quot;,&quot;def&quot;:&quot;large&quot;},&quot;bt_bb_bottom_spacing_&quot;:{&quot;current_class&quot;:&quot;bt_bb_bottom_spacing_none&quot;,&quot;def&quot;:&quot;none&quot;}}\"><\/div><\/div><\/div><\/div><\/div><\/div><!-- cell_inner --><\/div><!-- cell --><\/div><!-- port --><\/section><\/p>\n","protected":false},"excerpt":{"rendered":"","protected":false},"author":1,"featured_media":0,"parent":0,"menu_order":0,"comment_status":"closed","ping_status":"closed","template":"","meta":{"footnotes":""},"class_list":["post-3090","page","type-page","status-publish","hentry"],"aioseo_notices":[],"_links":{"self":[{"href":"https:\/\/azalea-aesthetic.com\/sq\/wp-json\/wp\/v2\/pages\/3090","targetHints":{"allow":["GET"]}}],"collection":[{"href":"https:\/\/azalea-aesthetic.com\/sq\/wp-json\/wp\/v2\/pages"}],"about":[{"href":"https:\/\/azalea-aesthetic.com\/sq\/wp-json\/wp\/v2\/types\/page"}],"author":[{"embeddable":true,"href":"https:\/\/azalea-aesthetic.com\/sq\/wp-json\/wp\/v2\/users\/1"}],"replies":[{"embeddable":true,"href":"https:\/\/azalea-aesthetic.com\/sq\/wp-json\/wp\/v2\/comments?post=3090"}],"version-history":[{"count":3,"href":"https:\/\/azalea-aesthetic.com\/sq\/wp-json\/wp\/v2\/pages\/3090\/revisions"}],"predecessor-version":[{"id":3093,"href":"https:\/\/azalea-aesthetic.com\/sq\/wp-json\/wp\/v2\/pages\/3090\/revisions\/3093"}],"wp:attachment":[{"href":"https:\/\/azalea-aesthetic.com\/sq\/wp-json\/wp\/v2\/media?parent=3090"}],"curies":[{"name":"wp","href":"https:\/\/api.w.org\/{rel}","templated":true}]}}