{"id":3136,"date":"2023-06-06T11:03:53","date_gmt":"2023-06-06T11:03:53","guid":{"rendered":"https:\/\/azalea-aesthetic.com\/?page_id=3136"},"modified":"2026-04-16T10:01:09","modified_gmt":"2026-04-16T10:01:09","slug":"politika-e-privatesise","status":"publish","type":"page","link":"https:\/\/azalea-aesthetic.com\/sq\/politika-e-privatesise\/","title":{"rendered":"Politika e Privatesise"},"content":{"rendered":"<p><section data-bb-version=\"4.7.6\" id=\"bt_bb_section69e171ff6e438\" class=\"bt_bb_section bt_bb_layout_wide bt_bb_vertical_align_top bt_bb_top_spacing_none bt_bb_bottom_spacing_none\"  data-bt-override-class=\"{&quot;bt_bb_top_spacing_&quot;:{&quot;current_class&quot;:&quot;bt_bb_top_spacing_none&quot;,&quot;def&quot;:&quot;none&quot;},&quot;bt_bb_bottom_spacing_&quot;:{&quot;current_class&quot;:&quot;bt_bb_bottom_spacing_none&quot;,&quot;def&quot;:&quot;none&quot;}}\"><div class=\"bt_bb_port\"><div class=\"bt_bb_cell\"><div class=\"bt_bb_cell_inner\"><div class=\"bt_bb_row \"  data-bt-override-class=\"{}\"><div class=\"bt_bb_row_holder\" ><div data-bb-version=\"4.7.6\"  class=\"bt_bb_column col-xxl-12 col-xl-12 col-xs-12 col-sm-12 col-md-12 col-lg-12 bt_bb_vertical_align_top bt_bb_align_left btLazyLoadBackground bt_bb_column_background_image bt_bb_padding_normal\" style=\"background-image:url(&#039;https:\/\/azalea-aesthetic.com\/wp-content\/plugins\/bold-page-builder\/img\/blank.gif&#039;);\" data-background_image_src='https:\/\/azalea-aesthetic.com\/wp-content\/uploads\/2024\/01\/header-scaled.jpg' data-width=\"12\" data-bt-override-class=\"{&quot;bt_bb_align_&quot;:{&quot;current_class&quot;:&quot;bt_bb_align_left&quot;,&quot;def&quot;:&quot;left&quot;},&quot;bt_bb_padding_&quot;:{&quot;current_class&quot;:&quot;bt_bb_padding_normal&quot;,&quot;def&quot;:&quot;normal&quot;}}\"><div class=\"bt_bb_column_content\"><div data-bb-version=\"4.7.6\" class=\"bt_bb_image bt_bb_shape_square bt_bb_target_self bt_bb_align_inherit bt_bb_hover_style_simple bt_bb_content_display_always bt_bb_content_align_middle\" data-bt-override-class=\"{&quot;bt_bb_align_&quot;:{&quot;current_class&quot;:&quot;bt_bb_align_inherit&quot;,&quot;def&quot;:&quot;inherit&quot;},&quot;bt_bb_content_display_&quot;:{&quot;current_class&quot;:&quot;bt_bb_content_display_always&quot;,&quot;def&quot;:&quot;always&quot;}}\"><span><img loading=\"lazy\" decoding=\"async\" width=\"2560\" height=\"171\" src=\"https:\/\/azalea-aesthetic.com\/wp-content\/uploads\/2024\/01\/header-scaled.jpg\" class=\"attachment-full size-full\" alt=\"https:\/\/azalea-aesthetic.com\/wp-content\/uploads\/2024\/01\/header-scaled.jpg\" data-full_image_src=\"https:\/\/azalea-aesthetic.com\/wp-content\/uploads\/2024\/01\/header-scaled.jpg\" title=\"header\" srcset=\"https:\/\/azalea-aesthetic.com\/wp-content\/uploads\/2024\/01\/header-scaled.jpg 2560w, https:\/\/azalea-aesthetic.com\/wp-content\/uploads\/2024\/01\/header-640x43.jpg 640w, https:\/\/azalea-aesthetic.com\/wp-content\/uploads\/2024\/01\/header-1280x85.jpg 1280w, https:\/\/azalea-aesthetic.com\/wp-content\/uploads\/2024\/01\/header-768x51.jpg 768w, https:\/\/azalea-aesthetic.com\/wp-content\/uploads\/2024\/01\/header-1536x102.jpg 1536w, https:\/\/azalea-aesthetic.com\/wp-content\/uploads\/2024\/01\/header-2048x137.jpg 2048w, https:\/\/azalea-aesthetic.com\/wp-content\/uploads\/2024\/01\/header-320x21.jpg 320w\" sizes=\"auto, (max-width: 2560px) 100vw, 2560px\" \/><\/span><\/div><div data-bb-version=\"4.7.6\" class=\"bt_bb_image bt_bb_shape_square bt_bb_target_self bt_bb_align_inherit bt_bb_hover_style_simple bt_bb_content_display_always bt_bb_content_align_middle\" data-bt-override-class=\"{&quot;bt_bb_align_&quot;:{&quot;current_class&quot;:&quot;bt_bb_align_inherit&quot;,&quot;def&quot;:&quot;inherit&quot;},&quot;bt_bb_content_display_&quot;:{&quot;current_class&quot;:&quot;bt_bb_content_display_always&quot;,&quot;def&quot;:&quot;always&quot;}}\"><span><img loading=\"lazy\" decoding=\"async\" width=\"2560\" height=\"171\" src=\"https:\/\/azalea-aesthetic.com\/wp-content\/uploads\/2024\/01\/header-scaled.jpg\" class=\"attachment-full size-full\" alt=\"https:\/\/azalea-aesthetic.com\/wp-content\/uploads\/2024\/01\/header-scaled.jpg\" data-full_image_src=\"https:\/\/azalea-aesthetic.com\/wp-content\/uploads\/2024\/01\/header-scaled.jpg\" title=\"header\" srcset=\"https:\/\/azalea-aesthetic.com\/wp-content\/uploads\/2024\/01\/header-scaled.jpg 2560w, https:\/\/azalea-aesthetic.com\/wp-content\/uploads\/2024\/01\/header-640x43.jpg 640w, https:\/\/azalea-aesthetic.com\/wp-content\/uploads\/2024\/01\/header-1280x85.jpg 1280w, https:\/\/azalea-aesthetic.com\/wp-content\/uploads\/2024\/01\/header-768x51.jpg 768w, https:\/\/azalea-aesthetic.com\/wp-content\/uploads\/2024\/01\/header-1536x102.jpg 1536w, https:\/\/azalea-aesthetic.com\/wp-content\/uploads\/2024\/01\/header-2048x137.jpg 2048w, https:\/\/azalea-aesthetic.com\/wp-content\/uploads\/2024\/01\/header-320x21.jpg 320w\" sizes=\"auto, (max-width: 2560px) 100vw, 2560px\" \/><\/span><\/div><\/div><\/div><\/div><\/div><\/div><!-- cell_inner --><\/div><!-- cell --><\/div><!-- port --><\/section><section data-bb-version=\"4.7.6\" id=\"bt_bb_section69e171ff6fb1b\" class=\"bt_bb_section bt_bb_layout_boxed_1200 bt_bb_vertical_align_top bt_bb_top_spacing_normal bt_bb_bottom_spacing_none\"  data-bt-override-class=\"{&quot;bt_bb_top_spacing_&quot;:{&quot;current_class&quot;:&quot;bt_bb_top_spacing_normal&quot;,&quot;def&quot;:&quot;normal&quot;},&quot;bt_bb_bottom_spacing_&quot;:{&quot;current_class&quot;:&quot;bt_bb_bottom_spacing_none&quot;,&quot;def&quot;:&quot;none&quot;}}\"><div class=\"bt_bb_port\"><div class=\"bt_bb_cell\"><div class=\"bt_bb_cell_inner\"><div class=\"bt_bb_row \"  data-bt-override-class=\"{}\"><div class=\"bt_bb_row_holder\" ><div data-bb-version=\"4.7.6\"  class=\"bt_bb_column col-xxl-12 col-xl-12 col-xs-12 col-sm-12 col-md-12 col-lg-12 bt_bb_vertical_align_top bt_bb_align_left bt_bb_padding_normal\"  data-width=\"12\" data-bt-override-class=\"{}\"><div class=\"bt_bb_column_content\"><div class=\"bt_bb_raw_content\"><p><b>POLITIKA E PRIVAT\u00cbSIS\u00cb S\u00cb UPTC SH.P.K.<\/b><\/p>\n\n<p>UPTC sh.p.k i kushton nj\u00eb v\u00ebmendje t\u00eb ve\u00e7ant\u00eb ruajtjes s\u00eb privat\u00ebsis\u00eb suaj, prandaj d\u00ebshirojm\u00eb t\u2019ju informojm\u00eb mbi llojin e t\u00eb dh\u00ebnave q\u00eb mbledhim p\u00ebr ju, si i p\u00ebrpunojm\u00eb, ruajm\u00eb, mbrojm\u00eb apo i shp\u00ebrndajm\u00eb ato, si dhe t\u00eb drejtat tuaja gjat\u00eb k\u00ebtij procesi.<\/p>\n\n<p><b>Ligjshm\u00ebria e mbledhjes &amp; p\u00ebrpunimit t\u00eb t\u00eb dh\u00ebnave<\/b><\/p>\n\n<p>Mbledhja dhe p\u00ebrpunimi i t\u00eb dh\u00ebnave b\u00ebhet nga UPTC shpk n\u00eb konsiderat\u00eb t\u00eb Kushtetut\u00ebs s\u00eb Republik\u00ebs s\u00eb Shqip\u00ebris\u00eb, n\u00eb ve\u00e7anti Nenit 35, konventave t\u00eb ratifikuara nga shteti shqiptar, Ligjit Nr. 124\/2024 \"P\u00ebr Mbrojtjen e t\u00eb Dh\u00ebnave Personale\", akteve t\u00eb dala n\u00eb baz\u00eb dhe p\u00ebr zbatim t\u00eb tij, si dhe kuadrit tjet\u00ebr ligjor dhe rregullator q\u00eb k\u00ebrkon mbledhjen dhe p\u00ebrpunimin e t\u00eb dh\u00ebnave personale.<\/p>\n\n<p>N\u00eb hartimin dhe aplikimin e Politik\u00ebs s\u00eb Privat\u00ebsis\u00eb, UPTC shpk ka konsideruar gjithashtu Rregulloren e P\u00ebrgjithshme p\u00ebr Mbrojtjen e t\u00eb Dh\u00ebnave Personale Nr. 2016\/679 t\u00eb Bashkimit Evropian.<\/p>\n\n<p>N\u00ebn frym\u00ebn e k\u00ebsaj kornize rregullatore dhe sipas standardeve t\u00eb pranuara tregtare, mbledhja dhe p\u00ebrpunimi i t\u00eb dh\u00ebnave nga UPTC \u00ebsht\u00eb legjitim n\u00ebse:<\/p>\n<p>a) Keni dh\u00ebn\u00eb p\u00eblqimin p\u00ebr mbledhjen dhe p\u00ebrpunimin e t\u00eb dh\u00ebnave personale p\u00ebr nj\u00eb ose m\u00eb shum\u00eb q\u00ebllime dhe ky p\u00eblqim mund t\u00eb jet\u00eb shkresor, elektronik ose me \u00e7do lloj forme ose mekanizmi q\u00eb shpreh vullnetin tuaj.<\/p>\n<p>b) B\u00ebhet p\u00ebr lidhjen e nj\u00eb kontrate ose marr\u00ebdh\u00ebnieje, n\u00eb t\u00eb cil\u00ebn do t\u00eb jeni pal\u00eb.<\/p>\n<p>c) Kryhet n\u00eb zbatim t\u00eb detyrimeve ligjore.<\/p>\n<p>d) B\u00ebhet p\u00ebr mbrojtjen e interesave jet\u00ebsore t\u00eb individ\u00ebve.<\/p>\n<p>e) Kryhet p\u00ebr p\u00ebrmbushjen e detyrave n\u00eb interes t\u00eb publikut ose n\u00eb ushtrimin e detyrave zyrtare n\u00eb cil\u00ebsin\u00eb e kontrolluesit.<\/p>\n<p>f) Kryhet p\u00ebr ushtrimin e t\u00eb drejtave legjitime t\u00eb kontrolluesit ose t\u00eb nj\u00eb pale t\u00eb tret\u00eb, p\u00ebrjashtuar rastet kur vijn\u00eb n\u00eb kund\u00ebrshtim me t\u00eb drejtat themelore.<\/p>\n\n<p><b>Lloji i t\u00eb dh\u00ebnave q\u00eb mblidhen<\/b><\/p>\n\n<p>UPTC shpk mbledh dhe p\u00ebrpunon t\u00eb dh\u00ebnat tuaja personale, si em\u00ebr, at\u00ebsi, mbiem\u00ebr, dat\u00eblindje, vendlindje, vendbanim, ID ose pasaport\u00eb, num\u00ebr personal, mosh\u00eb, gjini, t\u00eb dh\u00ebna sh\u00ebndet\u00ebsore dhe sensitive, fotografi, e-mail, num\u00ebr telefoni dhe t\u00eb dh\u00ebna t\u00eb tjera t\u00eb ngjashme, kur n\u00ebp\u00ebrmjet k\u00ebsaj faqeje ju aplikoni dhe i regjistroni personalisht k\u00ebto t\u00eb dh\u00ebna n\u00eb formular\u00eb dhe aplikacione p\u00ebr nj\u00eb ose disa q\u00ebllime, si\u00e7 p\u00ebrcaktohet n\u00eb k\u00ebt\u00eb politik\u00eb.<\/p>\n\n<p>Po k\u00ebshtu, UPTC shpk mbledh dhe p\u00ebrpunon t\u00eb dh\u00ebna lidhur me p\u00ebrdorimin e faqes son\u00eb, si p\u00ebr shembull interesin q\u00eb shfaqni mbi \u00e7\u00ebshtje t\u00eb caktuara gjat\u00eb lundrimit n\u00eb faqe, n\u00ebp\u00ebrmjet adres\u00ebs IP t\u00eb kompjuterit apo celularit q\u00eb keni p\u00ebrdorur, apo duke p\u00ebrdorur cookies dhe mjete t\u00eb ngjashme gjurmuese t\u00eb mbledhjes automatike.<\/p>\n\n<p>IP, ose Protokolli i Internetit, \u00ebsht\u00eb nj\u00eb num\u00ebr q\u00eb ka browser-i i kompjuterit kur ju aksesoni internetin dhe sigurohet automatikisht nga serveri i internetit. IP nuk p\u00ebrb\u00ebn domosdoshm\u00ebrisht informacion t\u00eb identifikuesh\u00ebm, pasi persona t\u00eb ndrysh\u00ebm mund t\u00eb aksesojn\u00eb t\u00eb nj\u00ebjtin kompjuter n\u00ebp\u00ebrmjet internetit.<\/p>\n\n<p>Cookies jan\u00eb skedar\u00eb t\u00eb vegj\u00ebl q\u00eb vendosen n\u00eb browser-in tuaj kur vizitoni faqen e UPTC shpk, t\u00eb cilat mund\u00ebsojn\u00eb njohjen e browser-it tuaj dhe mbledhin e ruajn\u00eb informacion mbi sh\u00ebrbimet q\u00eb keni p\u00ebrdorur ose \u00e7\u00ebshtjet p\u00ebr t\u00eb cilat keni shfaqur interes. Mjete t\u00eb tjera teknologjike gjurmuese, si web beacons, jan\u00eb skedar\u00eb t\u00eb vegj\u00ebl grafik\u00eb t\u00eb vendosur n\u00eb faqen e internetit ose n\u00eb email, t\u00eb p\u00ebrdorur kryesisht p\u00ebr t\u00eb monitoruar aktivitetin dhe p\u00ebr t\u00eb dh\u00ebn\u00eb informacion tek serveri qendror.<\/p>\n\n<p><b>Q\u00ebllimi i mbledhjes &amp; p\u00ebrpunimit t\u00eb t\u00eb dh\u00ebnave<\/b><\/p>\n\n<p>Mbledhja dhe p\u00ebrpunimi i t\u00eb dh\u00ebnave b\u00ebhet me q\u00ebllim q\u00eb:<\/p>\n<p>a) T\u00eb b\u00ebhet l\u00ebnia e takimit dhe ose regjistrimi dhe \u00e7elja e kartel\u00ebs p\u00ebr t\u00eb kryer vizit\u00eb ose trajtim mjek\u00ebsor dentar apo estetik.<\/p>\n<p>b) T\u00eb kryhet diagnostikimi dhe trajtimi mjek\u00ebsor dentar ose estetik.<\/p>\n<p>c) T\u00eb b\u00ebhet kontaktimi p\u00ebr arsye mjek\u00ebsore n\u00eb kuad\u00ebr t\u00eb vazhdimit t\u00eb procedurave mjek\u00ebsore.<\/p>\n<p>d) T\u00eb konkludohet nj\u00eb aplikim dhe ose kontrat\u00eb e vlefshme p\u00ebr t\u00eb p\u00ebrfituar nj\u00eb nga produktet ose sh\u00ebrbimet tona.<\/p>\n<p>e) T\u00eb identifikohen \u00e7\u00ebshtje dhe problematika lidhur me produktet ose sh\u00ebrbimet apo t\u00eb trajtohen ankesat dhe t\u00eb p\u00ebrmir\u00ebsohen sh\u00ebrbimet.<\/p>\n<p>f) T\u00eb p\u00ebrmbushen detyrimet ligjore, rregullatore dhe ose kontraktore.<\/p>\n<p>g) T\u00eb trajtohen detyrimet n\u00eb vones\u00eb apo t\u00eb drejtat e tjera ligjore ose kontraktore nga institucioni yn\u00eb ose n\u00eb bashk\u00ebpunim me pal\u00eb t\u00eb treta apo institucionet ligjzbatuese.<\/p>\n<p>h) T\u00eb kryhen k\u00ebrkime shkencore, statistikore, analiza dhe pyet\u00ebsor\u00eb.<\/p>\n<p>i) T\u00eb personalizohen dhe promovohen p\u00ebr ju produktet ose sh\u00ebrbimet apo \u00e7\u00ebshtjet p\u00ebr t\u00eb cilat keni shfaqur ose mund t\u00eb shfaqni interes, si dhe komunikimi dhe ofrimi i informacionit t\u00eb r\u00ebnd\u00ebsish\u00ebm mbi sh\u00ebrbimet dhe produktet e kompanis\u00eb, mbi t\u00eb rejat, ndryshimet dhe ofertat e ndryshme, p\u00ebrfshir\u00eb marketingun digjital.<\/p>\n<p>j) T\u00eb komunikojm\u00eb me ju edhe p\u00ebr arsye t\u00eb tjera sipas k\u00ebrkes\u00ebs ose njoftimit tuaj.<\/p>\n\n<p><b>Shp\u00ebrndarja dhe transferimi i t\u00eb dh\u00ebnave<\/b><\/p>\n\n<p>UPTC shpk mund t\u00eb shp\u00ebrndaj\u00eb t\u00eb dh\u00ebnat tuaja tek kompanit\u00eb e t\u00eb nj\u00ebjtit grup, p\u00ebrfshir\u00eb kompanin\u00eb m\u00ebm\u00eb dhe filialet. N\u00eb rastin e ndryshimit t\u00eb kontrollit q\u00eb mund t\u00eb rezultoj\u00eb, p\u00ebr shembull, nga shitja, bashkimi, paaft\u00ebsia paguese, falimentimi ose raste t\u00eb ngjashme, UPTC shpk rezervon t\u00eb drejt\u00ebn t\u00eb shp\u00ebrndaj\u00eb t\u00eb dh\u00ebnat tuaja tek pala q\u00eb p\u00ebrfiton kontrollin. N\u00eb nj\u00eb situat\u00eb t\u00eb till\u00eb, t\u00eb gjitha t\u00eb dh\u00ebnat do t\u00eb trajtohen n\u00eb p\u00ebrputhje me k\u00ebt\u00eb Politik\u00eb t\u00eb Privat\u00ebsis\u00eb, p\u00ebrve\u00e7 rasteve kur ndryshimet b\u00ebhen sipas seksionit mbi ndryshimet e Politik\u00ebs s\u00eb Privat\u00ebsis\u00eb dhe ose n\u00eb p\u00ebrputhje me kuadrin ligjor n\u00eb fuqi.<\/p>\n\n<p>Po k\u00ebshtu, UPTC shpk bashk\u00ebpunon me pal\u00eb t\u00eb treta dhe kontraktor\u00eb q\u00eb e ndihmojn\u00eb n\u00eb ofrimin, menaxhimin dhe trajtimin e produkteve dhe sh\u00ebrbimeve, ose e asistojn\u00eb n\u00eb veprime operative mbi faqen e web-it, veprime teknologjike, analizimin e t\u00eb dh\u00ebnave, kryerjen e k\u00ebrkimeve, statistikave, shp\u00ebrndarjen e e-mail-eve, reklamimin dhe promovimin. N\u00ebp\u00ebrmjet kontratave respektive, institucioni yn\u00eb u ka k\u00ebrkuar k\u00ebtyre pal\u00ebve t\u00eb mos p\u00ebrdorin apo reklamojn\u00eb t\u00eb dh\u00ebnat tuaja p\u00ebr q\u00ebllime t\u00eb ndryshme nga ato q\u00eb nevojiten p\u00ebr realizimin e kontrat\u00ebs s\u00eb lidhur nd\u00ebrmjet pal\u00ebve.<\/p>\n\n<p>Shp\u00ebrndarja e t\u00eb dh\u00ebnave tuaja mund t\u00eb b\u00ebhet edhe tek autoritetet zyrtare ose pal\u00eb t\u00eb treta n\u00eb rastet:<\/p>\n<p>a) P\u00ebr p\u00ebrmbushjen e detyrimeve ligjore.<\/p>\n<p>b) Kur publikimi b\u00ebhet p\u00ebr mbrojtjen e siguris\u00eb tuaj ose t\u00eb personave t\u00eb tjer\u00eb, mbrojtjen e interesit publik n\u00eb sektorin e sh\u00ebndetit publik, hetimin dhe shmangien e mashtrimeve apo rreziqeve t\u00eb tjera.<\/p>\n<p>c) P\u00ebr trajtimin e detyrimeve n\u00eb vones\u00eb apo mbrojtjen e t\u00eb drejtave tona t\u00eb tjera ligjore ose kontraktore, nga institucioni yn\u00eb ose n\u00eb bashk\u00ebpunim me pal\u00eb t\u00eb treta apo institucionet ligjzbatuese, apo n\u00eb rast t\u00eb transferimit ose cedimit t\u00eb t\u00eb drejtave dhe detyrimeve tek nj\u00eb pal\u00eb e tret\u00eb.<\/p>\n<p>d) N\u00eb raste t\u00eb ve\u00e7anta si kund\u00ebrp\u00ebrgjigje ndaj k\u00ebrc\u00ebnimeve apo rreziqeve ndaj personit, pasuris\u00eb ose n\u00eb mbrojtje t\u00eb t\u00eb drejtave themelore.<\/p>\n<p>e) Autoriteteve publike dhe sh\u00ebndet\u00ebsore kur k\u00ebrkohet me ligj.<\/p>\n<p>f) Organeve publike ose private p\u00ebr rimbursimin e shpenzimeve sh\u00ebndet\u00ebsore.<\/p>\n<p>g) Specialist\u00ebve t\u00eb tjer\u00eb p\u00ebr k\u00ebshilla t\u00eb nevojshme p\u00ebr kryerjen e sh\u00ebrbimit sh\u00ebndet\u00ebsor t\u00eb k\u00ebrkuar.<\/p>\n<p>h) Mjekut z\u00ebvend\u00ebsues ose bashk\u00ebpun\u00ebtor, pal\u00ebve t\u00eb treta dhe kontraktor\u00ebve me t\u00eb cil\u00ebt shoq\u00ebria bashk\u00ebpunon, p\u00ebrfshir\u00eb atyre promocionale.<\/p>\n\n<p>T\u00eb dh\u00ebnat nuk do t\u00eb transferohen n\u00eb nj\u00eb vend t\u00eb tret\u00eb ose n\u00eb nj\u00eb organizat\u00eb nd\u00ebrkomb\u00ebtare jasht\u00eb kushteve t\u00eb parashikuara n\u00eb k\u00ebt\u00eb pik\u00eb.<\/p>\n\n<p>Faqja jon\u00eb mund t\u00eb ket\u00eb lidhje me faqe t\u00eb tjera, t\u00eb cilat zbatojn\u00eb politikat e tyre t\u00eb privat\u00ebsis\u00eb. UPTC shpk nuk transferon t\u00eb dh\u00ebnat tuaja tek k\u00ebto faqe, por duhet t\u00eb mbani parasysh t\u00eb rishikoni politikat e tyre t\u00eb privat\u00ebsis\u00eb, pasi UPTC shpk nuk garanton m\u00ebnyr\u00ebn si k\u00ebto faqe mbledhin dhe p\u00ebrpunojn\u00eb t\u00eb dh\u00ebnat tuaja.<\/p>\n\n<p><b>Siguria &amp; afati i ruajtjes s\u00eb t\u00eb dh\u00ebnave<\/b><\/p>\n\n<p>P\u00ebr sigurin\u00eb e t\u00eb dh\u00ebnave personale, institucioni yn\u00eb ka ngritur dhe zbaton mjete dhe sisteme teknologjike q\u00eb parandalojn\u00eb aksesin e paautorizuar, p\u00ebrpunimin e paligjsh\u00ebm, humbjen ose shkat\u00ebrrimin e tyre dhe sigurojn\u00eb konfidencialitetin e t\u00eb dh\u00ebnave. Megjithat\u00eb, ju duhet t\u00eb konsideroni rreziqet q\u00eb mund t\u00eb vijn\u00eb si pasoj\u00eb e sulmeve t\u00eb jashtme kibernetike, t\u00eb cilat q\u00ebndrojn\u00eb jasht\u00eb vullnetit dhe mund\u00ebsis\u00eb s\u00eb UPTC shpk p\u00ebr t'i shmangur ato.<\/p>\n\n<p>T\u00eb dh\u00ebnat tuaja do t\u00eb ruhen p\u00ebr nj\u00eb periudh\u00eb nga 5 deri n\u00eb 20 vjet, p\u00ebr aq koh\u00eb sa \u00ebsht\u00eb e nevojshme sipas q\u00ebllimit t\u00eb p\u00ebrpunimit dhe k\u00ebrkesave ligjore, duke p\u00ebrfshir\u00eb:<\/p>\n<p>a) Realizimin e q\u00ebllimit dhe natyr\u00ebs p\u00ebr t\u00eb cil\u00ebn ato jan\u00eb mbledhur.<\/p>\n<p>b) Realizimin e marr\u00ebdh\u00ebnies kontraktore.<\/p>\n<p>c) P\u00ebrmbushjen e detyrimeve t\u00eb tjera ligjore.<\/p>\n<p>d) Zgjidhjen e konflikteve apo \u00e7\u00ebshtjeve gjyq\u00ebsore.<\/p>\n<p>e) Ushtrimin e t\u00eb drejtave themelore.<\/p>\n<p>f) Mbrojtjen e interesit publik.<\/p>\n<p>g) Arkivimin p\u00ebr q\u00ebllim publik, shkencor ose historik.<\/p>\n\n<p><b>T\u00eb drejtat tuaja<\/b><\/p>\n\n<p>N\u00eb \u00e7do koh\u00eb ju keni t\u00eb drejt\u00eb t\u00eb aksesoni informacion mbi t\u00eb dh\u00ebnat q\u00eb jan\u00eb mbledhur dhe p\u00ebrpunuar p\u00ebr ju, t\u00eb k\u00ebrkoni korrigjimin, azhornimin, kufizimin e p\u00ebrpunimit n\u00eb raste t\u00eb p\u00ebrcaktuara me ligj, ndalimin e p\u00ebrpunimit t\u00eb m\u00ebtejsh\u00ebm dhe ose fshirjen e k\u00ebtyre t\u00eb dh\u00ebnave kur p\u00ebrpunimi i tyre nuk \u00ebsht\u00eb m\u00eb i nevojsh\u00ebm ose kur keni t\u00ebrhequr p\u00eblqimin p\u00ebr p\u00ebrpunimin e tyre.<\/p>\n\n<p>Megjithat\u00eb, fshirja e t\u00eb dh\u00ebnave nuk mund t\u00eb realizohet n\u00ebse ekziston ndonj\u00eb nga shkaqet e cituara n\u00eb seksionin e siguris\u00eb dhe afatit t\u00eb ruajtjes s\u00eb t\u00eb dh\u00ebnave. Gjithashtu, duhet t\u00eb mbani parasysh se n\u00eb aspektin teknik dhe teknologjik \u00ebsht\u00eb e pamundur fshirja e \u00e7do regjistrimi t\u00eb ruajtur n\u00eb serverin ton\u00eb.<\/p>\n\n<p>N\u00eb ushtrimin e t\u00eb drejtave tuaja, keni mund\u00ebsi t\u00eb zgjidhni t\u00ebrheqjen nga marrja e komunikimeve, email-eve, publikimeve mbi produktet ose sh\u00ebrbimet e UPTC shpk, apo njoftimeve t\u00eb tjera reklamuese, duke u \u00e7regjistruar nga linku ose duke anuluar opsionet p\u00ebr marrjen e njoftimeve dhe publikimeve.<\/p>\n\n<p>T\u00eb drejtat e lartp\u00ebrmendura mund t'i ushtroni duke paraqitur k\u00ebrkes\u00eb zyrtare pran\u00eb UPTC shpk n\u00eb adres\u00ebn q\u00eb jepet n\u00eb k\u00ebt\u00eb faqe, ose duke e paraqitur k\u00ebt\u00eb k\u00ebrkes\u00eb n\u00eb info@mydentaltourism.com, ose duke telefonuar n\u00eb numrin +355676084446. Me marrjen e k\u00ebrkes\u00ebs suaj, strukturat respektive t\u00eb UPTC shpk do ta vler\u00ebsojn\u00eb at\u00eb dhe do t'ju njoftojn\u00eb p\u00ebr veprimet e nd\u00ebrmarra.<\/p>\n\n<p><b>Mbrojtja e privat\u00ebsis\u00eb s\u00eb f\u00ebmij\u00ebve<\/b><\/p>\n\n<p>UPTC shpk mbledh dhe p\u00ebrpunon t\u00eb dh\u00ebna dhe informacione t\u00eb f\u00ebmij\u00ebve p\u00ebr arsye sh\u00ebndet\u00ebsore vet\u00ebm n\u00eb p\u00ebrputhje me k\u00ebrkesat ligjore dhe angazhohet n\u00eb mbrojtjen e privat\u00ebsis\u00eb s\u00eb tyre.<\/p>\n\n<p><b>Kontaktimi i UPTC shpk mbi \u00e7\u00ebshtjet e privat\u00ebsis\u00eb dhe t\u00eb dh\u00ebnave tuaja<\/b><\/p>\n\n<p>P\u00ebr \u00e7do pyetje, paqart\u00ebsi, k\u00ebrkes\u00eb apo ankes\u00eb lidhur me mbledhjen dhe p\u00ebrpunimin e t\u00eb dh\u00ebnave tuaja, ju mund t'i drejtoheni UPTC shpk n\u00eb adresat dhe kontaktet si m\u00eb posht\u00eb:<\/p>\n<p>Zyr\u00ebn Qendrore t\u00eb UPTC shpk me adres\u00eb: Lagjia Loni Dhamo, Lushnje, Shqip\u00ebri.<\/p>\n<p>N\u00eb t\u00eb gjitha deg\u00ebt e UPTC shpk n\u00eb Shqip\u00ebri.<\/p>\n<p>Adresa e-mail: info@mydentaltourism.com<\/p>\n<p>Tel\/Cel: +355676084446<\/p>\n\n<p>Me marrjen e k\u00ebrkes\u00ebs suaj, strukturat respektive t\u00eb UPTC shpk do ta vler\u00ebsojn\u00eb at\u00eb dhe do t'ju njoftojn\u00eb p\u00ebr veprimet e nd\u00ebrmarra. N\u00ebse mendoni q\u00eb \u00e7\u00ebshtjet dhe problematikat e paraqitura nga ju mbi mbledhjen dhe p\u00ebrpunimin e t\u00eb dh\u00ebnave nuk kan\u00eb gjetur zgjidhjen e duhur, ju keni t\u00eb drejt\u00eb t'i drejtoheni Komisionerit p\u00ebr Mbrojtjen e t\u00eb Dh\u00ebnave Personale n\u00eb linkun http:\/\/www.idp.al, ose m\u00eb tej organeve t\u00eb tjera t\u00eb drejt\u00ebsis\u00eb.<\/p>\n\n<p><b>Ndryshimi i politik\u00ebs s\u00eb privat\u00ebsis\u00eb<\/b><\/p>\n\n<p>UPTC shpk rezervon t\u00eb drejt\u00ebn t\u00eb ndryshoj\u00eb n\u00eb \u00e7do koh\u00eb k\u00ebt\u00eb Politik\u00eb t\u00eb Privat\u00ebsis\u00eb dhe produktet ose sh\u00ebrbimet q\u00eb ofrohen. K\u00ebto ndryshime do t\u00eb b\u00ebhen efektive n\u00eb dat\u00ebn e publikimit t\u00eb tyre n\u00eb k\u00ebt\u00eb faqe, ose n\u00ebp\u00ebrmjet njoftimit me e-mail, ose me \u00e7do mjet tjet\u00ebr t\u00eb mundsh\u00ebm komunikimi.<\/p>\n\n<p>P\u00ebrdorimi i k\u00ebsaj faqeje edhe pas ndryshimeve t\u00eb Politik\u00ebs s\u00eb Privat\u00ebsis\u00eb konsiderohet miratim nga ana juaj e k\u00ebtyre ndryshimeve. Ne inkurajojm\u00eb rishikimin periodik t\u00eb Politik\u00ebs s\u00eb Privat\u00ebsis\u00eb me q\u00ebllim azhornimin tuaj me ndryshimet dhe praktikat m\u00eb t\u00eb reja. N\u00ebse ju nuk pranoni kushtet e k\u00ebsaj Politike, ju nuk mund t\u00eb vazhdoni m\u00eb tej n\u00eb k\u00ebt\u00eb faqe.<\/p>\n<\/div><\/div><\/div><\/div><\/div><\/div><!-- cell_inner --><\/div><!-- cell --><\/div><!-- port --><\/section><\/p>\n","protected":false},"excerpt":{"rendered":"","protected":false},"author":3,"featured_media":0,"parent":0,"menu_order":0,"comment_status":"closed","ping_status":"closed","template":"","meta":{"footnotes":""},"class_list":["post-3136","page","type-page","status-publish","hentry"],"aioseo_notices":[],"_links":{"self":[{"href":"https:\/\/azalea-aesthetic.com\/sq\/wp-json\/wp\/v2\/pages\/3136","targetHints":{"allow":["GET"]}}],"collection":[{"href":"https:\/\/azalea-aesthetic.com\/sq\/wp-json\/wp\/v2\/pages"}],"about":[{"href":"https:\/\/azalea-aesthetic.com\/sq\/wp-json\/wp\/v2\/types\/page"}],"author":[{"embeddable":true,"href":"https:\/\/azalea-aesthetic.com\/sq\/wp-json\/wp\/v2\/users\/3"}],"replies":[{"embeddable":true,"href":"https:\/\/azalea-aesthetic.com\/sq\/wp-json\/wp\/v2\/comments?post=3136"}],"version-history":[{"count":3,"href":"https:\/\/azalea-aesthetic.com\/sq\/wp-json\/wp\/v2\/pages\/3136\/revisions"}],"predecessor-version":[{"id":3219,"href":"https:\/\/azalea-aesthetic.com\/sq\/wp-json\/wp\/v2\/pages\/3136\/revisions\/3219"}],"wp:attachment":[{"href":"https:\/\/azalea-aesthetic.com\/sq\/wp-json\/wp\/v2\/media?parent=3136"}],"curies":[{"name":"wp","href":"https:\/\/api.w.org\/{rel}","templated":true}]}}